{"id":229,"date":"2021-09-22T09:29:15","date_gmt":"2021-09-22T09:29:15","guid":{"rendered":"https:\/\/hotel-astoria-cremona.ms.decms.eu\/?page_id=229"},"modified":"2023-11-23T15:56:50","modified_gmt":"2023-11-23T15:56:50","slug":"zimmer","status":"publish","type":"page","link":"https:\/\/www.hotelastoriacremona.com\/de\/zimmer\/","title":{"rendered":"Zimmer"},"content":{"rendered":"<p>Die 26 Zimmer sind alle im klassischen Stil mit einem Hauch von Design eingerichtet, alle mit eigenem Bad, Klimaanlage und Heizung. Einige davon mit Blick auf die charakteristischsten Stra\u00dfen des historischen Zentrums. Alle ausgestattet mit HD-Fernseher mit nationalen, internationalen und SKY-Kan\u00e4len sowie WLAN-Verbindung.<\/p>\n<p>Alle 26 Zimmer sind mit LED-TV mit internationalen Kan\u00e4len, SKY und WLAN-Verbindung ausgestattet.<\/p>\n","protected":false},"excerpt":{"rendered":"<p>Die 26 Zimmer sind alle im klassischen Stil mit einem Hauch von Design eingerichtet, alle mit eigenem Bad, Klimaanlage und Heizung. Einige davon mit Blick auf die charakteristischsten Stra\u00dfen des historischen Zentrums. Alle ausgestattet mit HD-Fernseher mit nationalen, internationalen und SKY-Kan\u00e4len sowie WLAN-Verbindung. Alle 26 Zimmer sind mit LED-TV mit internationalen Kan\u00e4len, SKY und WLAN-Verbindung [&hellip;]<\/p>\n","protected":false},"author":344,"featured_media":0,"parent":0,"menu_order":30,"comment_status":"closed","ping_status":"closed","template":"template-rooms.php","meta":{"footnotes":""},"class_list":["post-229","page","type-page","status-publish","hentry"],"yoast_head":"<!-- This site is optimized with the Yoast SEO plugin v26.9 - https:\/\/yoast.com\/product\/yoast-seo-wordpress\/ -->\n<title>Zimmer &#8226; Astoria City Hotel &#8226;<\/title>\n<meta name=\"description\" content=\"Die 26 Zimmer sind alle im klassischen Stil mit einem Hauch von Design eingerichtet, alle mit eigenem Bad, Klimaanlage und Heizung. Einige davon mit Blick auf die charakteristischsten Stra\u00dfen des historischen Zentrums\" \/>\n<meta name=\"robots\" content=\"index, follow, max-snippet:-1, max-image-preview:large, max-video-preview:-1\" \/>\n<link rel=\"canonical\" href=\"https:\/\/www.hotelastoriacremona.com\/de\/zimmer\/\" \/>\n<meta property=\"og:locale\" content=\"de_DE\" \/>\n<meta property=\"og:type\" content=\"article\" \/>\n<meta property=\"og:title\" content=\"Zimmer &#8226; Astoria City Hotel &#8226;\" \/>\n<meta property=\"og:description\" content=\"Die 26 Zimmer sind alle im klassischen Stil mit einem Hauch von Design eingerichtet, alle mit eigenem Bad, Klimaanlage und Heizung. Einige davon mit Blick auf die charakteristischsten Stra\u00dfen des historischen Zentrums\" \/>\n<meta property=\"og:url\" content=\"https:\/\/www.hotelastoriacremona.com\/de\/zimmer\/\" \/>\n<meta property=\"og:site_name\" content=\"Astoria City Hotel\" \/>\n<meta property=\"article:modified_time\" content=\"2023-11-23T15:56:50+00:00\" \/>\n<meta name=\"twitter:card\" content=\"summary_large_image\" \/>\n<script type=\"application\/ld+json\" class=\"yoast-schema-graph\">{\"@context\":\"https:\/\/schema.org\",\"@graph\":[{\"@type\":\"WebPage\",\"@id\":\"https:\/\/www.hotelastoriacremona.com\/de\/zimmer\/\",\"url\":\"https:\/\/www.hotelastoriacremona.com\/de\/zimmer\/\",\"name\":\"Zimmer &#8226; Astoria City Hotel &#8226;\",\"isPartOf\":{\"@id\":\"https:\/\/www.hotelastoriacremona.com\/de\/#website\"},\"datePublished\":\"2021-09-22T09:29:15+00:00\",\"dateModified\":\"2023-11-23T15:56:50+00:00\",\"description\":\"Die 26 Zimmer sind alle im klassischen Stil mit einem Hauch von Design eingerichtet, alle mit eigenem Bad, Klimaanlage und Heizung. Einige davon mit Blick auf die charakteristischsten Stra\u00dfen des historischen Zentrums\",\"breadcrumb\":{\"@id\":\"https:\/\/www.hotelastoriacremona.com\/de\/zimmer\/#breadcrumb\"},\"inLanguage\":\"de-DE\",\"potentialAction\":[{\"@type\":\"ReadAction\",\"target\":[\"https:\/\/www.hotelastoriacremona.com\/de\/zimmer\/\"]}]},{\"@type\":\"BreadcrumbList\",\"@id\":\"https:\/\/www.hotelastoriacremona.com\/de\/zimmer\/#breadcrumb\",\"itemListElement\":[{\"@type\":\"ListItem\",\"position\":1,\"name\":\"Home\",\"item\":\"https:\/\/www.hotelastoriacremona.com\/de\/\"},{\"@type\":\"ListItem\",\"position\":2,\"name\":\"Zimmer\"}]},{\"@type\":\"WebSite\",\"@id\":\"https:\/\/www.hotelastoriacremona.com\/de\/#website\",\"url\":\"https:\/\/www.hotelastoriacremona.com\/de\/\",\"name\":\"Astoria City Hotel\",\"description\":\"Just another ms.decms.eu site\",\"potentialAction\":[{\"@type\":\"SearchAction\",\"target\":{\"@type\":\"EntryPoint\",\"urlTemplate\":\"https:\/\/www.hotelastoriacremona.com\/de\/?s={search_term_string}\"},\"query-input\":{\"@type\":\"PropertyValueSpecification\",\"valueRequired\":true,\"valueName\":\"search_term_string\"}}],\"inLanguage\":\"de-DE\"}]}<\/script>\n<!-- \/ Yoast SEO plugin. -->","yoast_head_json":{"title":"Zimmer &#8226; Astoria City Hotel &#8226;","description":"Die 26 Zimmer sind alle im klassischen Stil mit einem Hauch von Design eingerichtet, alle mit eigenem Bad, Klimaanlage und Heizung. Einige davon mit Blick auf die charakteristischsten Stra\u00dfen des historischen Zentrums","robots":{"index":"index","follow":"follow","max-snippet":"max-snippet:-1","max-image-preview":"max-image-preview:large","max-video-preview":"max-video-preview:-1"},"canonical":"https:\/\/www.hotelastoriacremona.com\/de\/zimmer\/","og_locale":"de_DE","og_type":"article","og_title":"Zimmer &#8226; Astoria City Hotel &#8226;","og_description":"Die 26 Zimmer sind alle im klassischen Stil mit einem Hauch von Design eingerichtet, alle mit eigenem Bad, Klimaanlage und Heizung. Einige davon mit Blick auf die charakteristischsten Stra\u00dfen des historischen Zentrums","og_url":"https:\/\/www.hotelastoriacremona.com\/de\/zimmer\/","og_site_name":"Astoria City Hotel","article_modified_time":"2023-11-23T15:56:50+00:00","twitter_card":"summary_large_image","schema":{"@context":"https:\/\/schema.org","@graph":[{"@type":"WebPage","@id":"https:\/\/www.hotelastoriacremona.com\/de\/zimmer\/","url":"https:\/\/www.hotelastoriacremona.com\/de\/zimmer\/","name":"Zimmer &#8226; Astoria City Hotel &#8226;","isPartOf":{"@id":"https:\/\/www.hotelastoriacremona.com\/de\/#website"},"datePublished":"2021-09-22T09:29:15+00:00","dateModified":"2023-11-23T15:56:50+00:00","description":"Die 26 Zimmer sind alle im klassischen Stil mit einem Hauch von Design eingerichtet, alle mit eigenem Bad, Klimaanlage und Heizung. Einige davon mit Blick auf die charakteristischsten Stra\u00dfen des historischen Zentrums","breadcrumb":{"@id":"https:\/\/www.hotelastoriacremona.com\/de\/zimmer\/#breadcrumb"},"inLanguage":"de-DE","potentialAction":[{"@type":"ReadAction","target":["https:\/\/www.hotelastoriacremona.com\/de\/zimmer\/"]}]},{"@type":"BreadcrumbList","@id":"https:\/\/www.hotelastoriacremona.com\/de\/zimmer\/#breadcrumb","itemListElement":[{"@type":"ListItem","position":1,"name":"Home","item":"https:\/\/www.hotelastoriacremona.com\/de\/"},{"@type":"ListItem","position":2,"name":"Zimmer"}]},{"@type":"WebSite","@id":"https:\/\/www.hotelastoriacremona.com\/de\/#website","url":"https:\/\/www.hotelastoriacremona.com\/de\/","name":"Astoria City Hotel","description":"Just another ms.decms.eu site","potentialAction":[{"@type":"SearchAction","target":{"@type":"EntryPoint","urlTemplate":"https:\/\/www.hotelastoriacremona.com\/de\/?s={search_term_string}"},"query-input":{"@type":"PropertyValueSpecification","valueRequired":true,"valueName":"search_term_string"}}],"inLanguage":"de-DE"}]}},"acf":[],"_links":{"self":[{"href":"https:\/\/www.hotelastoriacremona.com\/de\/wp-json\/wp\/v2\/pages\/229","targetHints":{"allow":["GET"]}}],"collection":[{"href":"https:\/\/www.hotelastoriacremona.com\/de\/wp-json\/wp\/v2\/pages"}],"about":[{"href":"https:\/\/www.hotelastoriacremona.com\/de\/wp-json\/wp\/v2\/types\/page"}],"author":[{"embeddable":true,"href":"https:\/\/www.hotelastoriacremona.com\/de\/wp-json\/wp\/v2\/users\/344"}],"replies":[{"embeddable":true,"href":"https:\/\/www.hotelastoriacremona.com\/de\/wp-json\/wp\/v2\/comments?post=229"}],"version-history":[{"count":0,"href":"https:\/\/www.hotelastoriacremona.com\/de\/wp-json\/wp\/v2\/pages\/229\/revisions"}],"wp:attachment":[{"href":"https:\/\/www.hotelastoriacremona.com\/de\/wp-json\/wp\/v2\/media?parent=229"}],"curies":[{"name":"wp","href":"https:\/\/api.w.org\/{rel}","templated":true}]}}