{"id":249,"date":"2021-09-22T09:57:17","date_gmt":"2021-09-22T09:57:17","guid":{"rendered":"https:\/\/hotel-astoria-cremona.ms.decms.eu\/?page_id=249"},"modified":"2021-09-22T12:14:07","modified_gmt":"2021-09-22T12:14:07","slug":"parkplatz","status":"publish","type":"page","link":"https:\/\/www.hotelastoriacremona.com\/de\/dienstleistungen\/parkplatz\/","title":{"rendered":"Parkplatz"},"content":{"rendered":"<p>Das Hotel befindet sich in der Fu\u00dfg\u00e4ngerzone. Das Gep\u00e4ck kann aber nur wenige Meter vom Eingang entfernt, an der Ecke Via Manzoni\/Via Solferino,\u00a0ein- und ausgeladen werden.<\/p>\n<p>In der Piazza Marconi, 150 m vom Hotel entfernt, befindet sich die \u00a0konventionierte\u00a0 SABA Tiefgarage. \u00a0\u00a0Im Designhotel Dellearti steht \u00a0\u00a0ein privater Parkplatz zur (15,00 Euro pro Tag \u00a0und nur nach vorheriger Reservierung) zur Verf\u00fcgung.<\/p>\n","protected":false},"excerpt":{"rendered":"<p>Das Hotel befindet sich in der Fu\u00dfg\u00e4ngerzone. Das Gep\u00e4ck kann aber nur wenige Meter vom Eingang entfernt, an der Ecke Via Manzoni\/Via Solferino,\u00a0ein- und ausgeladen werden. In der Piazza Marconi, 150 m vom Hotel entfernt, befindet sich die \u00a0konventionierte\u00a0 SABA Tiefgarage. \u00a0\u00a0Im Designhotel Dellearti steht \u00a0\u00a0ein privater Parkplatz zur (15,00 Euro pro Tag \u00a0und nur [&hellip;]<\/p>\n","protected":false},"author":344,"featured_media":0,"parent":246,"menu_order":10,"comment_status":"closed","ping_status":"closed","template":"","meta":{"footnotes":""},"class_list":["post-249","page","type-page","status-publish","hentry"],"yoast_head":"<!-- This site is optimized with the Yoast SEO plugin v26.9 - https:\/\/yoast.com\/product\/yoast-seo-wordpress\/ -->\n<title>Parkplatz &#8226; Astoria City Hotel &#8226;<\/title>\n<meta name=\"description\" content=\"Das Hotel befindet sich in der Fu\u00dfg\u00e4ngerzone. Das Gep\u00e4ck kann aber nur wenige Meter vom Eingang entfernt, an der Ecke Via Manzoni\/Via Solferino,\u00a0ein- und ausgeladen werden.  In der Piazza Marconi, 150 m vom Hotel entfernt, befindet sich die \u00a0konventionierte\u00a0 SABA Tiefgarage\" \/>\n<meta name=\"robots\" content=\"index, follow, max-snippet:-1, max-image-preview:large, max-video-preview:-1\" \/>\n<link rel=\"canonical\" href=\"https:\/\/www.hotelastoriacremona.com\/de\/dienstleistungen\/parkplatz\/\" \/>\n<meta property=\"og:locale\" content=\"de_DE\" \/>\n<meta property=\"og:type\" content=\"article\" \/>\n<meta property=\"og:title\" content=\"Parkplatz &#8226; Astoria City Hotel &#8226;\" \/>\n<meta property=\"og:description\" content=\"Das Hotel befindet sich in der Fu\u00dfg\u00e4ngerzone. Das Gep\u00e4ck kann aber nur wenige Meter vom Eingang entfernt, an der Ecke Via Manzoni\/Via Solferino,\u00a0ein- und ausgeladen werden.  In der Piazza Marconi, 150 m vom Hotel entfernt, befindet sich die \u00a0konventionierte\u00a0 SABA Tiefgarage\" \/>\n<meta property=\"og:url\" content=\"https:\/\/www.hotelastoriacremona.com\/de\/dienstleistungen\/parkplatz\/\" \/>\n<meta property=\"og:site_name\" content=\"Astoria City Hotel\" \/>\n<meta property=\"article:modified_time\" content=\"2021-09-22T12:14:07+00:00\" \/>\n<meta name=\"twitter:card\" content=\"summary_large_image\" \/>\n<script type=\"application\/ld+json\" class=\"yoast-schema-graph\">{\"@context\":\"https:\/\/schema.org\",\"@graph\":[{\"@type\":\"WebPage\",\"@id\":\"https:\/\/www.hotelastoriacremona.com\/de\/dienstleistungen\/parkplatz\/\",\"url\":\"https:\/\/www.hotelastoriacremona.com\/de\/dienstleistungen\/parkplatz\/\",\"name\":\"Parkplatz &#8226; Astoria City Hotel &#8226;\",\"isPartOf\":{\"@id\":\"https:\/\/www.hotelastoriacremona.com\/de\/#website\"},\"datePublished\":\"2021-09-22T09:57:17+00:00\",\"dateModified\":\"2021-09-22T12:14:07+00:00\",\"description\":\"Das Hotel befindet sich in der Fu\u00dfg\u00e4ngerzone. Das Gep\u00e4ck kann aber nur wenige Meter vom Eingang entfernt, an der Ecke Via Manzoni\/Via Solferino,\u00a0ein- und ausgeladen werden. In der Piazza Marconi, 150 m vom Hotel entfernt, befindet sich die \u00a0konventionierte\u00a0 SABA Tiefgarage\",\"breadcrumb\":{\"@id\":\"https:\/\/www.hotelastoriacremona.com\/de\/dienstleistungen\/parkplatz\/#breadcrumb\"},\"inLanguage\":\"de-DE\",\"potentialAction\":[{\"@type\":\"ReadAction\",\"target\":[\"https:\/\/www.hotelastoriacremona.com\/de\/dienstleistungen\/parkplatz\/\"]}]},{\"@type\":\"BreadcrumbList\",\"@id\":\"https:\/\/www.hotelastoriacremona.com\/de\/dienstleistungen\/parkplatz\/#breadcrumb\",\"itemListElement\":[{\"@type\":\"ListItem\",\"position\":1,\"name\":\"Home\",\"item\":\"https:\/\/www.hotelastoriacremona.com\/de\/\"},{\"@type\":\"ListItem\",\"position\":2,\"name\":\"Dienstleistungen\",\"item\":\"https:\/\/www.hotelastoriacremona.com\/de\/dienstleistungen\/\"},{\"@type\":\"ListItem\",\"position\":3,\"name\":\"Parkplatz\"}]},{\"@type\":\"WebSite\",\"@id\":\"https:\/\/www.hotelastoriacremona.com\/de\/#website\",\"url\":\"https:\/\/www.hotelastoriacremona.com\/de\/\",\"name\":\"Astoria City Hotel\",\"description\":\"Just another ms.decms.eu site\",\"potentialAction\":[{\"@type\":\"SearchAction\",\"target\":{\"@type\":\"EntryPoint\",\"urlTemplate\":\"https:\/\/www.hotelastoriacremona.com\/de\/?s={search_term_string}\"},\"query-input\":{\"@type\":\"PropertyValueSpecification\",\"valueRequired\":true,\"valueName\":\"search_term_string\"}}],\"inLanguage\":\"de-DE\"}]}<\/script>\n<!-- \/ Yoast SEO plugin. -->","yoast_head_json":{"title":"Parkplatz &#8226; Astoria City Hotel &#8226;","description":"Das Hotel befindet sich in der Fu\u00dfg\u00e4ngerzone. Das Gep\u00e4ck kann aber nur wenige Meter vom Eingang entfernt, an der Ecke Via Manzoni\/Via Solferino,\u00a0ein- und ausgeladen werden.  In der Piazza Marconi, 150 m vom Hotel entfernt, befindet sich die \u00a0konventionierte\u00a0 SABA Tiefgarage","robots":{"index":"index","follow":"follow","max-snippet":"max-snippet:-1","max-image-preview":"max-image-preview:large","max-video-preview":"max-video-preview:-1"},"canonical":"https:\/\/www.hotelastoriacremona.com\/de\/dienstleistungen\/parkplatz\/","og_locale":"de_DE","og_type":"article","og_title":"Parkplatz &#8226; Astoria City Hotel &#8226;","og_description":"Das Hotel befindet sich in der Fu\u00dfg\u00e4ngerzone. Das Gep\u00e4ck kann aber nur wenige Meter vom Eingang entfernt, an der Ecke Via Manzoni\/Via Solferino,\u00a0ein- und ausgeladen werden.  In der Piazza Marconi, 150 m vom Hotel entfernt, befindet sich die \u00a0konventionierte\u00a0 SABA Tiefgarage","og_url":"https:\/\/www.hotelastoriacremona.com\/de\/dienstleistungen\/parkplatz\/","og_site_name":"Astoria City Hotel","article_modified_time":"2021-09-22T12:14:07+00:00","twitter_card":"summary_large_image","schema":{"@context":"https:\/\/schema.org","@graph":[{"@type":"WebPage","@id":"https:\/\/www.hotelastoriacremona.com\/de\/dienstleistungen\/parkplatz\/","url":"https:\/\/www.hotelastoriacremona.com\/de\/dienstleistungen\/parkplatz\/","name":"Parkplatz &#8226; Astoria City Hotel &#8226;","isPartOf":{"@id":"https:\/\/www.hotelastoriacremona.com\/de\/#website"},"datePublished":"2021-09-22T09:57:17+00:00","dateModified":"2021-09-22T12:14:07+00:00","description":"Das Hotel befindet sich in der Fu\u00dfg\u00e4ngerzone. Das Gep\u00e4ck kann aber nur wenige Meter vom Eingang entfernt, an der Ecke Via Manzoni\/Via Solferino,\u00a0ein- und ausgeladen werden. In der Piazza Marconi, 150 m vom Hotel entfernt, befindet sich die \u00a0konventionierte\u00a0 SABA Tiefgarage","breadcrumb":{"@id":"https:\/\/www.hotelastoriacremona.com\/de\/dienstleistungen\/parkplatz\/#breadcrumb"},"inLanguage":"de-DE","potentialAction":[{"@type":"ReadAction","target":["https:\/\/www.hotelastoriacremona.com\/de\/dienstleistungen\/parkplatz\/"]}]},{"@type":"BreadcrumbList","@id":"https:\/\/www.hotelastoriacremona.com\/de\/dienstleistungen\/parkplatz\/#breadcrumb","itemListElement":[{"@type":"ListItem","position":1,"name":"Home","item":"https:\/\/www.hotelastoriacremona.com\/de\/"},{"@type":"ListItem","position":2,"name":"Dienstleistungen","item":"https:\/\/www.hotelastoriacremona.com\/de\/dienstleistungen\/"},{"@type":"ListItem","position":3,"name":"Parkplatz"}]},{"@type":"WebSite","@id":"https:\/\/www.hotelastoriacremona.com\/de\/#website","url":"https:\/\/www.hotelastoriacremona.com\/de\/","name":"Astoria City Hotel","description":"Just another ms.decms.eu site","potentialAction":[{"@type":"SearchAction","target":{"@type":"EntryPoint","urlTemplate":"https:\/\/www.hotelastoriacremona.com\/de\/?s={search_term_string}"},"query-input":{"@type":"PropertyValueSpecification","valueRequired":true,"valueName":"search_term_string"}}],"inLanguage":"de-DE"}]}},"acf":[],"_links":{"self":[{"href":"https:\/\/www.hotelastoriacremona.com\/de\/wp-json\/wp\/v2\/pages\/249","targetHints":{"allow":["GET"]}}],"collection":[{"href":"https:\/\/www.hotelastoriacremona.com\/de\/wp-json\/wp\/v2\/pages"}],"about":[{"href":"https:\/\/www.hotelastoriacremona.com\/de\/wp-json\/wp\/v2\/types\/page"}],"author":[{"embeddable":true,"href":"https:\/\/www.hotelastoriacremona.com\/de\/wp-json\/wp\/v2\/users\/344"}],"replies":[{"embeddable":true,"href":"https:\/\/www.hotelastoriacremona.com\/de\/wp-json\/wp\/v2\/comments?post=249"}],"version-history":[{"count":0,"href":"https:\/\/www.hotelastoriacremona.com\/de\/wp-json\/wp\/v2\/pages\/249\/revisions"}],"up":[{"embeddable":true,"href":"https:\/\/www.hotelastoriacremona.com\/de\/wp-json\/wp\/v2\/pages\/246"}],"wp:attachment":[{"href":"https:\/\/www.hotelastoriacremona.com\/de\/wp-json\/wp\/v2\/media?parent=249"}],"curies":[{"name":"wp","href":"https:\/\/api.w.org\/{rel}","templated":true}]}}