{"id":263,"date":"2021-09-22T10:04:38","date_gmt":"2021-09-22T10:04:38","guid":{"rendered":"https:\/\/hotel-astoria-cremona.ms.decms.eu\/?page_id=263"},"modified":"2025-12-01T10:02:45","modified_gmt":"2025-12-01T10:02:45","slug":"wo-wir-sind","status":"publish","type":"page","link":"https:\/\/www.hotelastoriacremona.com\/de\/wo-wir-sind\/","title":{"rendered":"Wo wir sind"},"content":{"rendered":"<p style=\"text-align: center\"><strong>ASTORIA City Hotel<\/strong><\/p>\n<p style=\"text-align: center\">Via Solferino 9 \u2013 26100 Cremona<\/p>\n<p style=\"text-align: center\">Telefono. <a href=\"tel:+390372461616\">+39 0372 461616<\/a><br \/>\nFax +39 0372 461810<\/p>\n<p style=\"text-align: center\">Whatsapp. <a href=\"https:\/\/api.whatsapp.com\/send?phone=390372461616\">+39 0372 461616<\/a><\/p>\n<p style=\"text-align: center\">Email: <a href=\"mailto:astoria@cremonahotels.it\">astoria@cremonahotels.it<\/a><\/p>\n<p>&nbsp;<\/p>\n<p>Das Hotel \u00a0ist nur 4 km von der Autobahnausfahrt und ca. 1 km vom Bahnhof entfernt.<\/p>\n<p>Es befindet sich in der Fu\u00dfg\u00e4ngerzone. Ein- und Ausladen von Gep\u00e4ck ist nur wenige Metern vom Eingang entfernt.<\/p>\n<p>Die Flugh\u00e4fen Mailand Linate und Bergamo Orio al Serio sind etwa 100 km von der Stadt entfernt, w\u00e4hrend es etwa 150 km zum Flughafen Mailand Malpensa sind.<\/p>\n<p>Das Hotel bietet nach Vereinbarung\u00a0(gegen Aufpreis) einen Transferservice zur Verf\u00fcgung.<\/p>\n<p>Parkm\u00f6glichkeit in der konventionierte Tiefgarage (Parcheggio SABA) in der Piazza Marconi oder \u00a0im privaten Parkplatz des Hotel Dellearti (15,00 Euro am Tag und nur nach vorheriger Reservierung)<\/p>\n<p>&nbsp;<\/p>\n","protected":false},"excerpt":{"rendered":"<p>ASTORIA City Hotel Via Solferino 9 \u2013 26100 Cremona Telefono. +39 0372 461616 Fax +39 0372 461810 Whatsapp. +39 0372 461616 Email: astoria@cremonahotels.it &nbsp; Das Hotel \u00a0ist nur 4 km von der Autobahnausfahrt und ca. 1 km vom Bahnhof entfernt. Es befindet sich in der Fu\u00dfg\u00e4ngerzone. Ein- und Ausladen von Gep\u00e4ck ist nur wenige Metern [&hellip;]<\/p>\n","protected":false},"author":344,"featured_media":0,"parent":0,"menu_order":70,"comment_status":"closed","ping_status":"closed","template":"","meta":{"footnotes":""},"class_list":["post-263","page","type-page","status-publish","hentry"],"yoast_head":"<!-- This site is optimized with the Yoast SEO plugin v26.9 - https:\/\/yoast.com\/product\/yoast-seo-wordpress\/ -->\n<title>Wo wir sind &#8226; Astoria City Hotel &#8226;<\/title>\n<meta name=\"description\" content=\"ASTORIA City Hotel Via Solferino 9 \u2013 26100 Cremona Telefono. +39 0372 461616 Fax +39 0372 461810 Whatsapp\" \/>\n<meta name=\"robots\" content=\"index, follow, max-snippet:-1, max-image-preview:large, max-video-preview:-1\" \/>\n<link rel=\"canonical\" href=\"https:\/\/www.hotelastoriacremona.com\/de\/wo-wir-sind\/\" \/>\n<meta property=\"og:locale\" content=\"de_DE\" \/>\n<meta property=\"og:type\" content=\"article\" \/>\n<meta property=\"og:title\" content=\"Wo wir sind &#8226; Astoria City Hotel &#8226;\" \/>\n<meta property=\"og:description\" content=\"ASTORIA City Hotel Via Solferino 9 \u2013 26100 Cremona Telefono. +39 0372 461616 Fax +39 0372 461810 Whatsapp\" \/>\n<meta property=\"og:url\" content=\"https:\/\/www.hotelastoriacremona.com\/de\/wo-wir-sind\/\" \/>\n<meta property=\"og:site_name\" content=\"Astoria City Hotel\" \/>\n<meta property=\"article:modified_time\" content=\"2025-12-01T10:02:45+00:00\" \/>\n<meta name=\"twitter:card\" content=\"summary_large_image\" \/>\n<meta name=\"twitter:label1\" content=\"Gesch\u00e4tzte Lesezeit\" \/>\n\t<meta name=\"twitter:data1\" content=\"1 Minute\" \/>\n<script type=\"application\/ld+json\" class=\"yoast-schema-graph\">{\"@context\":\"https:\/\/schema.org\",\"@graph\":[{\"@type\":\"WebPage\",\"@id\":\"https:\/\/www.hotelastoriacremona.com\/de\/wo-wir-sind\/\",\"url\":\"https:\/\/www.hotelastoriacremona.com\/de\/wo-wir-sind\/\",\"name\":\"Wo wir sind &#8226; Astoria City Hotel &#8226;\",\"isPartOf\":{\"@id\":\"https:\/\/www.hotelastoriacremona.com\/de\/#website\"},\"datePublished\":\"2021-09-22T10:04:38+00:00\",\"dateModified\":\"2025-12-01T10:02:45+00:00\",\"description\":\"ASTORIA City Hotel Via Solferino 9 \u2013 26100 Cremona Telefono. +39 0372 461616 Fax +39 0372 461810 Whatsapp\",\"breadcrumb\":{\"@id\":\"https:\/\/www.hotelastoriacremona.com\/de\/wo-wir-sind\/#breadcrumb\"},\"inLanguage\":\"de-DE\",\"potentialAction\":[{\"@type\":\"ReadAction\",\"target\":[\"https:\/\/www.hotelastoriacremona.com\/de\/wo-wir-sind\/\"]}]},{\"@type\":\"BreadcrumbList\",\"@id\":\"https:\/\/www.hotelastoriacremona.com\/de\/wo-wir-sind\/#breadcrumb\",\"itemListElement\":[{\"@type\":\"ListItem\",\"position\":1,\"name\":\"Home\",\"item\":\"https:\/\/www.hotelastoriacremona.com\/de\/\"},{\"@type\":\"ListItem\",\"position\":2,\"name\":\"Wo wir sind\"}]},{\"@type\":\"WebSite\",\"@id\":\"https:\/\/www.hotelastoriacremona.com\/de\/#website\",\"url\":\"https:\/\/www.hotelastoriacremona.com\/de\/\",\"name\":\"Astoria City Hotel\",\"description\":\"Just another ms.decms.eu site\",\"potentialAction\":[{\"@type\":\"SearchAction\",\"target\":{\"@type\":\"EntryPoint\",\"urlTemplate\":\"https:\/\/www.hotelastoriacremona.com\/de\/?s={search_term_string}\"},\"query-input\":{\"@type\":\"PropertyValueSpecification\",\"valueRequired\":true,\"valueName\":\"search_term_string\"}}],\"inLanguage\":\"de-DE\"}]}<\/script>\n<!-- \/ Yoast SEO plugin. -->","yoast_head_json":{"title":"Wo wir sind &#8226; Astoria City Hotel &#8226;","description":"ASTORIA City Hotel Via Solferino 9 \u2013 26100 Cremona Telefono. +39 0372 461616 Fax +39 0372 461810 Whatsapp","robots":{"index":"index","follow":"follow","max-snippet":"max-snippet:-1","max-image-preview":"max-image-preview:large","max-video-preview":"max-video-preview:-1"},"canonical":"https:\/\/www.hotelastoriacremona.com\/de\/wo-wir-sind\/","og_locale":"de_DE","og_type":"article","og_title":"Wo wir sind &#8226; Astoria City Hotel &#8226;","og_description":"ASTORIA City Hotel Via Solferino 9 \u2013 26100 Cremona Telefono. +39 0372 461616 Fax +39 0372 461810 Whatsapp","og_url":"https:\/\/www.hotelastoriacremona.com\/de\/wo-wir-sind\/","og_site_name":"Astoria City Hotel","article_modified_time":"2025-12-01T10:02:45+00:00","twitter_card":"summary_large_image","twitter_misc":{"Gesch\u00e4tzte Lesezeit":"1 Minute"},"schema":{"@context":"https:\/\/schema.org","@graph":[{"@type":"WebPage","@id":"https:\/\/www.hotelastoriacremona.com\/de\/wo-wir-sind\/","url":"https:\/\/www.hotelastoriacremona.com\/de\/wo-wir-sind\/","name":"Wo wir sind &#8226; Astoria City Hotel &#8226;","isPartOf":{"@id":"https:\/\/www.hotelastoriacremona.com\/de\/#website"},"datePublished":"2021-09-22T10:04:38+00:00","dateModified":"2025-12-01T10:02:45+00:00","description":"ASTORIA City Hotel Via Solferino 9 \u2013 26100 Cremona Telefono. +39 0372 461616 Fax +39 0372 461810 Whatsapp","breadcrumb":{"@id":"https:\/\/www.hotelastoriacremona.com\/de\/wo-wir-sind\/#breadcrumb"},"inLanguage":"de-DE","potentialAction":[{"@type":"ReadAction","target":["https:\/\/www.hotelastoriacremona.com\/de\/wo-wir-sind\/"]}]},{"@type":"BreadcrumbList","@id":"https:\/\/www.hotelastoriacremona.com\/de\/wo-wir-sind\/#breadcrumb","itemListElement":[{"@type":"ListItem","position":1,"name":"Home","item":"https:\/\/www.hotelastoriacremona.com\/de\/"},{"@type":"ListItem","position":2,"name":"Wo wir sind"}]},{"@type":"WebSite","@id":"https:\/\/www.hotelastoriacremona.com\/de\/#website","url":"https:\/\/www.hotelastoriacremona.com\/de\/","name":"Astoria City Hotel","description":"Just another ms.decms.eu site","potentialAction":[{"@type":"SearchAction","target":{"@type":"EntryPoint","urlTemplate":"https:\/\/www.hotelastoriacremona.com\/de\/?s={search_term_string}"},"query-input":{"@type":"PropertyValueSpecification","valueRequired":true,"valueName":"search_term_string"}}],"inLanguage":"de-DE"}]}},"acf":[],"_links":{"self":[{"href":"https:\/\/www.hotelastoriacremona.com\/de\/wp-json\/wp\/v2\/pages\/263","targetHints":{"allow":["GET"]}}],"collection":[{"href":"https:\/\/www.hotelastoriacremona.com\/de\/wp-json\/wp\/v2\/pages"}],"about":[{"href":"https:\/\/www.hotelastoriacremona.com\/de\/wp-json\/wp\/v2\/types\/page"}],"author":[{"embeddable":true,"href":"https:\/\/www.hotelastoriacremona.com\/de\/wp-json\/wp\/v2\/users\/344"}],"replies":[{"embeddable":true,"href":"https:\/\/www.hotelastoriacremona.com\/de\/wp-json\/wp\/v2\/comments?post=263"}],"version-history":[{"count":0,"href":"https:\/\/www.hotelastoriacremona.com\/de\/wp-json\/wp\/v2\/pages\/263\/revisions"}],"wp:attachment":[{"href":"https:\/\/www.hotelastoriacremona.com\/de\/wp-json\/wp\/v2\/media?parent=263"}],"curies":[{"name":"wp","href":"https:\/\/api.w.org\/{rel}","templated":true}]}}