{"id":4,"date":"2021-07-05T08:06:10","date_gmt":"2021-07-05T08:06:10","guid":{"rendered":"https:\/\/hotel-astoria-cremona.ms.decms.eu\/?page_id=4"},"modified":"2024-02-07T19:46:06","modified_gmt":"2024-02-07T19:46:06","slug":"homepage","status":"publish","type":"page","link":"https:\/\/www.hotelastoriacremona.com\/de\/","title":{"rendered":"Hotel Astoria"},"content":{"rendered":"<p>Es liegt in einer kleinen und charakteristischen Gasse im Herzen des historischen Zentrums von Cremona, nur wenige Schritte vom Dom, dem Torrazzo und den wichtigsten Touristenattraktionen der Stadt entfernt.<\/p>\n<p>Die herzliche und famili\u00e4re Atmosph\u00e4re wird Sie w\u00e4hrend Ihres Aufenthalts begleiten.<\/p>\n<p>Die Rezeption ist von 07:00 bis 23:00 Uhr ge\u00f6ffnet, der Check-in erfolgt zwischen 15:00 und 22:00 Uhr.<\/p>\n","protected":false},"excerpt":{"rendered":"<p>Es liegt in einer kleinen und charakteristischen Gasse im Herzen des historischen Zentrums von Cremona, nur wenige Schritte vom Dom, dem Torrazzo und den wichtigsten Touristenattraktionen der Stadt entfernt. Die herzliche und famili\u00e4re Atmosph\u00e4re wird Sie w\u00e4hrend Ihres Aufenthalts begleiten. Die Rezeption ist von 07:00 bis 23:00 Uhr ge\u00f6ffnet, der Check-in erfolgt zwischen 15:00 und [&hellip;]<\/p>\n","protected":false},"author":17,"featured_media":0,"parent":0,"menu_order":10,"comment_status":"closed","ping_status":"closed","template":"","meta":{"footnotes":""},"class_list":["post-4","page","type-page","status-publish","hentry"],"yoast_head":"<!-- This site is optimized with the Yoast SEO plugin v26.9 - https:\/\/yoast.com\/product\/yoast-seo-wordpress\/ -->\n<title>Hotel Astoria &#8226; ein paar Schritte von der Kathedrale von Cremona<\/title>\n<meta name=\"description\" content=\"Es liegt in einer kleinen und charakteristischen Gasse im Herzen des historischen Zentrums von Cremona, nur wenige Schritte vom Dom, dem Torrazzo und den wichtigsten Touristenattraktionen der Stadt entfernt.  Die herzliche und famili\u00e4re Atmosph\u00e4re wird Sie w\u00e4hrend Ihres Aufenthalts begleiten.  Die Rezeption ist von 07:00 bis 23:00 Uhr ge\u00f6ffnet, der Check-in erfolgt zwischen 15:00 und 22:00 Uhr..\" \/>\n<meta name=\"robots\" content=\"index, follow, max-snippet:-1, max-image-preview:large, max-video-preview:-1\" \/>\n<link rel=\"canonical\" href=\"https:\/\/www.hotelastoriacremona.com\/de\/\" \/>\n<meta property=\"og:locale\" content=\"de_DE\" \/>\n<meta property=\"og:type\" content=\"article\" \/>\n<meta property=\"og:title\" content=\"Hotel Astoria &#8226; ein paar Schritte von der Kathedrale von Cremona\" \/>\n<meta property=\"og:description\" content=\"Es liegt in einer kleinen und charakteristischen Gasse im Herzen des historischen Zentrums von Cremona, nur wenige Schritte vom Dom, dem Torrazzo und den wichtigsten Touristenattraktionen der Stadt entfernt.  Die herzliche und famili\u00e4re Atmosph\u00e4re wird Sie w\u00e4hrend Ihres Aufenthalts begleiten.  Die Rezeption ist von 07:00 bis 23:00 Uhr ge\u00f6ffnet, der Check-in erfolgt zwischen 15:00 und 22:00 Uhr..\" \/>\n<meta property=\"og:url\" content=\"https:\/\/www.hotelastoriacremona.com\/de\/\" \/>\n<meta property=\"og:site_name\" content=\"Astoria City Hotel\" \/>\n<meta property=\"article:modified_time\" content=\"2024-02-07T19:46:06+00:00\" \/>\n<meta name=\"twitter:card\" content=\"summary_large_image\" \/>\n<meta name=\"twitter:label1\" content=\"Gesch\u00e4tzte Lesezeit\" \/>\n\t<meta name=\"twitter:data1\" content=\"1 Minute\" \/>\n<script type=\"application\/ld+json\" class=\"yoast-schema-graph\">{\"@context\":\"https:\/\/schema.org\",\"@graph\":[{\"@type\":\"WebPage\",\"@id\":\"https:\/\/www.hotelastoriacremona.com\/de\/\",\"url\":\"https:\/\/www.hotelastoriacremona.com\/de\/\",\"name\":\"Hotel Astoria &#8226; ein paar Schritte von der Kathedrale von Cremona\",\"isPartOf\":{\"@id\":\"https:\/\/www.hotelastoriacremona.com\/de\/#website\"},\"datePublished\":\"2021-07-05T08:06:10+00:00\",\"dateModified\":\"2024-02-07T19:46:06+00:00\",\"description\":\"Es liegt in einer kleinen und charakteristischen Gasse im Herzen des historischen Zentrums von Cremona, nur wenige Schritte vom Dom, dem Torrazzo und den wichtigsten Touristenattraktionen der Stadt entfernt. Die herzliche und famili\u00e4re Atmosph\u00e4re wird Sie w\u00e4hrend Ihres Aufenthalts begleiten. Die Rezeption ist von 07:00 bis 23:00 Uhr ge\u00f6ffnet, der Check-in erfolgt zwischen 15:00 und 22:00 Uhr..\",\"breadcrumb\":{\"@id\":\"https:\/\/www.hotelastoriacremona.com\/de\/#breadcrumb\"},\"inLanguage\":\"de-DE\",\"potentialAction\":[{\"@type\":\"ReadAction\",\"target\":[\"https:\/\/www.hotelastoriacremona.com\/de\/\"]}]},{\"@type\":\"BreadcrumbList\",\"@id\":\"https:\/\/www.hotelastoriacremona.com\/de\/#breadcrumb\",\"itemListElement\":[{\"@type\":\"ListItem\",\"position\":1,\"name\":\"Home\",\"item\":\"https:\/\/www.hotelastoriacremona.com\/de\/\"},{\"@type\":\"ListItem\",\"position\":2,\"name\":\"Hotel Astoria\"}]},{\"@type\":\"WebSite\",\"@id\":\"https:\/\/www.hotelastoriacremona.com\/de\/#website\",\"url\":\"https:\/\/www.hotelastoriacremona.com\/de\/\",\"name\":\"Astoria City Hotel\",\"description\":\"Just another ms.decms.eu site\",\"potentialAction\":[{\"@type\":\"SearchAction\",\"target\":{\"@type\":\"EntryPoint\",\"urlTemplate\":\"https:\/\/www.hotelastoriacremona.com\/de\/?s={search_term_string}\"},\"query-input\":{\"@type\":\"PropertyValueSpecification\",\"valueRequired\":true,\"valueName\":\"search_term_string\"}}],\"inLanguage\":\"de-DE\"}]}<\/script>\n<!-- \/ Yoast SEO plugin. -->","yoast_head_json":{"title":"Hotel Astoria &#8226; ein paar Schritte von der Kathedrale von Cremona","description":"Es liegt in einer kleinen und charakteristischen Gasse im Herzen des historischen Zentrums von Cremona, nur wenige Schritte vom Dom, dem Torrazzo und den wichtigsten Touristenattraktionen der Stadt entfernt.  Die herzliche und famili\u00e4re Atmosph\u00e4re wird Sie w\u00e4hrend Ihres Aufenthalts begleiten.  Die Rezeption ist von 07:00 bis 23:00 Uhr ge\u00f6ffnet, der Check-in erfolgt zwischen 15:00 und 22:00 Uhr..","robots":{"index":"index","follow":"follow","max-snippet":"max-snippet:-1","max-image-preview":"max-image-preview:large","max-video-preview":"max-video-preview:-1"},"canonical":"https:\/\/www.hotelastoriacremona.com\/de\/","og_locale":"de_DE","og_type":"article","og_title":"Hotel Astoria &#8226; ein paar Schritte von der Kathedrale von Cremona","og_description":"Es liegt in einer kleinen und charakteristischen Gasse im Herzen des historischen Zentrums von Cremona, nur wenige Schritte vom Dom, dem Torrazzo und den wichtigsten Touristenattraktionen der Stadt entfernt.  Die herzliche und famili\u00e4re Atmosph\u00e4re wird Sie w\u00e4hrend Ihres Aufenthalts begleiten.  Die Rezeption ist von 07:00 bis 23:00 Uhr ge\u00f6ffnet, der Check-in erfolgt zwischen 15:00 und 22:00 Uhr..","og_url":"https:\/\/www.hotelastoriacremona.com\/de\/","og_site_name":"Astoria City Hotel","article_modified_time":"2024-02-07T19:46:06+00:00","twitter_card":"summary_large_image","twitter_misc":{"Gesch\u00e4tzte Lesezeit":"1 Minute"},"schema":{"@context":"https:\/\/schema.org","@graph":[{"@type":"WebPage","@id":"https:\/\/www.hotelastoriacremona.com\/de\/","url":"https:\/\/www.hotelastoriacremona.com\/de\/","name":"Hotel Astoria &#8226; ein paar Schritte von der Kathedrale von Cremona","isPartOf":{"@id":"https:\/\/www.hotelastoriacremona.com\/de\/#website"},"datePublished":"2021-07-05T08:06:10+00:00","dateModified":"2024-02-07T19:46:06+00:00","description":"Es liegt in einer kleinen und charakteristischen Gasse im Herzen des historischen Zentrums von Cremona, nur wenige Schritte vom Dom, dem Torrazzo und den wichtigsten Touristenattraktionen der Stadt entfernt. Die herzliche und famili\u00e4re Atmosph\u00e4re wird Sie w\u00e4hrend Ihres Aufenthalts begleiten. Die Rezeption ist von 07:00 bis 23:00 Uhr ge\u00f6ffnet, der Check-in erfolgt zwischen 15:00 und 22:00 Uhr..","breadcrumb":{"@id":"https:\/\/www.hotelastoriacremona.com\/de\/#breadcrumb"},"inLanguage":"de-DE","potentialAction":[{"@type":"ReadAction","target":["https:\/\/www.hotelastoriacremona.com\/de\/"]}]},{"@type":"BreadcrumbList","@id":"https:\/\/www.hotelastoriacremona.com\/de\/#breadcrumb","itemListElement":[{"@type":"ListItem","position":1,"name":"Home","item":"https:\/\/www.hotelastoriacremona.com\/de\/"},{"@type":"ListItem","position":2,"name":"Hotel Astoria"}]},{"@type":"WebSite","@id":"https:\/\/www.hotelastoriacremona.com\/de\/#website","url":"https:\/\/www.hotelastoriacremona.com\/de\/","name":"Astoria City Hotel","description":"Just another ms.decms.eu site","potentialAction":[{"@type":"SearchAction","target":{"@type":"EntryPoint","urlTemplate":"https:\/\/www.hotelastoriacremona.com\/de\/?s={search_term_string}"},"query-input":{"@type":"PropertyValueSpecification","valueRequired":true,"valueName":"search_term_string"}}],"inLanguage":"de-DE"}]}},"acf":[],"_links":{"self":[{"href":"https:\/\/www.hotelastoriacremona.com\/de\/wp-json\/wp\/v2\/pages\/4","targetHints":{"allow":["GET"]}}],"collection":[{"href":"https:\/\/www.hotelastoriacremona.com\/de\/wp-json\/wp\/v2\/pages"}],"about":[{"href":"https:\/\/www.hotelastoriacremona.com\/de\/wp-json\/wp\/v2\/types\/page"}],"author":[{"embeddable":true,"href":"https:\/\/www.hotelastoriacremona.com\/de\/wp-json\/wp\/v2\/users\/17"}],"replies":[{"embeddable":true,"href":"https:\/\/www.hotelastoriacremona.com\/de\/wp-json\/wp\/v2\/comments?post=4"}],"version-history":[{"count":0,"href":"https:\/\/www.hotelastoriacremona.com\/de\/wp-json\/wp\/v2\/pages\/4\/revisions"}],"wp:attachment":[{"href":"https:\/\/www.hotelastoriacremona.com\/de\/wp-json\/wp\/v2\/media?parent=4"}],"curies":[{"name":"wp","href":"https:\/\/api.w.org\/{rel}","templated":true}]}}