{"id":270,"date":"2021-09-22T10:06:56","date_gmt":"2021-09-22T10:06:56","guid":{"rendered":"https:\/\/hotel-astoria-cremona.ms.decms.eu\/?page_id=270"},"modified":"2021-10-07T17:33:43","modified_gmt":"2021-10-07T17:33:43","slug":"privacy","status":"publish","type":"page","link":"https:\/\/www.hotelastoriacremona.com\/en\/privacy\/","title":{"rendered":"Privacy"},"content":{"rendered":"<p style=\"text-align: center;\"><strong>CREMONAHOTELS.IT SRL<\/strong><br \/>\nPiazza Libert\u00e0, 26 \u2013 26100 Cremona (CR) \u2013 C.F. e P. IVA: 001529080192<br \/>\nTel: 0372\/434141 \u2013 Email: corporate@cremonahotels.it<br \/>\n<strong>Informativa sul trattamento dei dati personali<\/strong><br \/>\n<strong>(artt.13\/14 Regolamento UE 679\/2016, di seguito GDPR)<\/strong><\/p>\n<p>soggetti interessati: visitatore del sito web<\/p>\n<p>Spett.le Visitatore<br \/>\nCon il presente documento le forniamo le informazioni relative al trattamento dei Suoi dati personali, previste dagli artt. 13\/14 (Informazioni da fornire all\u2019interessato) e da 15 a 22 del GDPR (diritti dell\u2019interessato).<\/p>\n<p><strong>Titolare del trattamento<\/strong> (Tdt): CREMONAHOTELS.IT SRL \u2013 Tel.: 0372\/434141<br \/>\nEmail: corporate@cremonahotels.it<\/p>\n<p><strong>Finalit\u00e0 del trattamento<\/strong>: i Suoi dati saranno trattati per le seguenti finalit\u00e0:<br \/>\n\u2022 Gestione della clientela:<br \/>\nper espletare la funzione di ricevimento di messaggi e telefonate a lei indirizzati,<br \/>\nper le procedure di registrazione in caso di suoi successivi soggiorni presso i nostri alberghi<br \/>\nper inviarle nostri messaggi promozionali e aggiornamenti sulle tariffe e sulle offerte praticate<br \/>\n\u2022 Amministrazione di offerte, contratti, ordini, spedizioni e fatture<br \/>\n\u2022 Adempimenti di obblighi fiscali e contabili<br \/>\n\u2022 Gestione della qualit\u00e0<br \/>\n\u2022 Programmazione delle attivit\u00e0<br \/>\n\u2022 Rilevazione del grado di soddisfazione della clientela<br \/>\n\u2022 Gestione del contenzioso<\/p>\n<p><strong>Base giuridica del trattamento:<\/strong> per tali finalit\u00e0 il trattamento dei Suoi dati personali \u00e8 reso lecito, senza che sia necessaria una specifica prestazione del Suo consenso, dagli accordi esistenti tra Lei e il Tdt, nonch\u00e9 dai conseguenti obblighi legali del Tdt stesso.<br \/>\nLa comunicazione di Suoi dati personali \u00e8 requisito necessario per il corretto svolgimento del rapporto intercorrente tra Lei e il Tdt. La mancata o errata comunicazione di tali dati pu\u00f2 causare l\u2019impossibilit\u00e0 del TdT di far fronte ai relativi adempimenti.<\/p>\n<p><strong>Consenso al trattamento:<\/strong> i Suoi dati personali potranno invece essere trattati, previa acquisizione del Suo consenso in calce a questo documento, e senza che un Suo eventuale rifiuto possa in alcun modo compromettere la prosecuzione del rapporto con il TdT, per le seguenti finalit\u00e0:<br \/>\n\u2022 Gestione della clientela:<br \/>\nper espletare la funzione di ricevimento di messaggi e telefonate a lei indirizzati,<br \/>\nper le procedure di registrazione in caso di suoi successivi soggiorni presso i nostri alberghi<br \/>\nper inviarle nostri messaggi promozionali e aggiornamenti sulle tariffe e sulle offerte praticate<br \/>\n\u2022 Indagini di mercato, statistiche, attivit\u00e0 promozionali compresa la spedizione di materiale pubblicitario e promozionale, offerte commerciali.<\/p>\n<p><strong>Modalit\u00e0 di trattamento<\/strong>: i Suoi dati personali potranno essere trattati secondo le seguenti modalit\u00e0:<br \/>\n\u2022 Trattamento a mezzo di calcolatori elettronici<br \/>\n\u2022 Trattamento manuale a mezzo di archivi cartacei<br \/>\n\u2022 Affidamento a terzi di operazioni di elaborazione<\/p>\n<p><strong>Destinatari dei dati personali<\/strong>: i suoi dati potranno essere comunicati, oltre che al personale interno specificamente autorizzato al trattamento, anche ad altri soggetti terzi, in particolare a:<br \/>\n\u2022 Enti pubblici e\/o privati obbligatori<br \/>\n\u2022 Camere di Commercio, Industria, Artigianato ed Agricoltura<br \/>\n\u2022 Collaboratori esterni<br \/>\n\u2022 Banche e istituti di credito<br \/>\n\u2022 Spedizionieri e aziende logistiche<br \/>\n\u2022 Intermediari<br \/>\nI Suoi dati personali non verranno trasferiti a paesi terzi o organizzazioni internazionali, n\u00e8 in alcun modo diffusi.<\/p>\n<p><strong>Periodo di conservazione dei dati<\/strong>: secondo i termini previsti dalla legge per la conservazione dei documenti fiscali e comunque nel rispetto dei termini obbligatori previsti dalla normativa vigente.<\/p>\n<p><strong>Diritti dell\u2019Interessato:<\/strong><br \/>\nAi sensi degli art. da 15 a 22 del GDPR, Lei ha diritto di ottenere dal TdT l\u2019accesso ai suoi dati personali, la rettifica e cancellazione degli stessi, la limitazione e l\u2019opposizione al loro trattamento; avr\u00e0 inoltre diritto alla portabilit\u00e0 dei suoi dati personali. Qualora dovesse ritenere che il trattamento che la riguarda violi il GDPR, sar\u00e0 suo diritto proporre reclamo a un\u2019autorit\u00e0 di controllo, ai sensi dell\u2019art.77 del GDPR stesso.<br \/>\nPer ogni necessit\u00e0 \u00e8 possibile rivolgersi al Responsabile del trattamento in materia di sicurezza dei dati personali, designato da CREMONAHOTELS.IT SRL per il riscontro all\u2019interessato in caso di esercizio dei diritti di cui sopra: Pizzera Gianluca, Piazza Libert\u00e0, 26 \u2013 26100 Cremona (CR) Tel: 0372\/434141, indirizzo di posta elettronica: corporate@cremonahotels.it.<br \/>\nData aggiornamento privacy: 25 maggio 2018<\/p>\n<p>Il TITOLARE del trattamento dei dati personali CREMONAHOTELS.IT SRL<\/p>\n","protected":false},"excerpt":{"rendered":"<p>CREMONAHOTELS.IT SRL Piazza Libert\u00e0, 26 \u2013 26100 Cremona (CR) \u2013 C.F. e P. IVA: 001529080192 Tel: 0372\/434141 \u2013 Email: corporate@cremonahotels.it Informativa sul trattamento dei dati personali (artt.13\/14 Regolamento UE 679\/2016, di seguito GDPR) soggetti interessati: visitatore del sito web Spett.le Visitatore Con il presente documento le forniamo le informazioni relative al trattamento dei Suoi dati [&hellip;]<\/p>\n","protected":false},"author":344,"featured_media":0,"parent":0,"menu_order":120,"comment_status":"closed","ping_status":"closed","template":"","meta":{"footnotes":""},"class_list":["post-270","page","type-page","status-publish","hentry"],"yoast_head":"<!-- This site is optimized with the Yoast SEO plugin v26.9 - https:\/\/yoast.com\/product\/yoast-seo-wordpress\/ -->\n<title>Privacy &#8226; Astoria City Hotel &#8226;<\/title>\n<meta name=\"description\" content=\"CREMONAHOTELS.IT SRL Piazza Libert\u00e0, 26 \u2013 26100 Cremona (CR) \u2013 C.F. e P\" \/>\n<meta name=\"robots\" content=\"index, follow, max-snippet:-1, max-image-preview:large, max-video-preview:-1\" \/>\n<link rel=\"canonical\" href=\"https:\/\/www.hotelastoriacremona.com\/en\/privacy\/\" \/>\n<meta property=\"og:locale\" content=\"en_US\" \/>\n<meta property=\"og:type\" content=\"article\" \/>\n<meta property=\"og:title\" content=\"Privacy &#8226; Astoria City Hotel &#8226;\" \/>\n<meta property=\"og:description\" content=\"CREMONAHOTELS.IT SRL Piazza Libert\u00e0, 26 \u2013 26100 Cremona (CR) \u2013 C.F. e P\" \/>\n<meta property=\"og:url\" content=\"https:\/\/www.hotelastoriacremona.com\/en\/privacy\/\" \/>\n<meta property=\"og:site_name\" content=\"Astoria City Hotel\" \/>\n<meta property=\"article:modified_time\" content=\"2021-10-07T17:33:43+00:00\" \/>\n<meta name=\"twitter:card\" content=\"summary_large_image\" \/>\n<meta name=\"twitter:label1\" content=\"Est. reading time\" \/>\n\t<meta name=\"twitter:data1\" content=\"3 minutes\" \/>\n<script type=\"application\/ld+json\" class=\"yoast-schema-graph\">{\"@context\":\"https:\/\/schema.org\",\"@graph\":[{\"@type\":\"WebPage\",\"@id\":\"https:\/\/www.hotelastoriacremona.com\/en\/privacy\/\",\"url\":\"https:\/\/www.hotelastoriacremona.com\/en\/privacy\/\",\"name\":\"Privacy &#8226; Astoria City Hotel &#8226;\",\"isPartOf\":{\"@id\":\"https:\/\/www.hotelastoriacremona.com\/en\/#website\"},\"datePublished\":\"2021-09-22T10:06:56+00:00\",\"dateModified\":\"2021-10-07T17:33:43+00:00\",\"description\":\"CREMONAHOTELS.IT SRL Piazza Libert\u00e0, 26 \u2013 26100 Cremona (CR) \u2013 C.F. e P\",\"breadcrumb\":{\"@id\":\"https:\/\/www.hotelastoriacremona.com\/en\/privacy\/#breadcrumb\"},\"inLanguage\":\"en-US\",\"potentialAction\":[{\"@type\":\"ReadAction\",\"target\":[\"https:\/\/www.hotelastoriacremona.com\/en\/privacy\/\"]}]},{\"@type\":\"BreadcrumbList\",\"@id\":\"https:\/\/www.hotelastoriacremona.com\/en\/privacy\/#breadcrumb\",\"itemListElement\":[{\"@type\":\"ListItem\",\"position\":1,\"name\":\"Home\",\"item\":\"https:\/\/www.hotelastoriacremona.com\/en\/\"},{\"@type\":\"ListItem\",\"position\":2,\"name\":\"Privacy\"}]},{\"@type\":\"WebSite\",\"@id\":\"https:\/\/www.hotelastoriacremona.com\/en\/#website\",\"url\":\"https:\/\/www.hotelastoriacremona.com\/en\/\",\"name\":\"Astoria City Hotel\",\"description\":\"Just another ms.decms.eu site\",\"potentialAction\":[{\"@type\":\"SearchAction\",\"target\":{\"@type\":\"EntryPoint\",\"urlTemplate\":\"https:\/\/www.hotelastoriacremona.com\/en\/?s={search_term_string}\"},\"query-input\":{\"@type\":\"PropertyValueSpecification\",\"valueRequired\":true,\"valueName\":\"search_term_string\"}}],\"inLanguage\":\"en-US\"}]}<\/script>\n<!-- \/ Yoast SEO plugin. -->","yoast_head_json":{"title":"Privacy &#8226; Astoria City Hotel &#8226;","description":"CREMONAHOTELS.IT SRL Piazza Libert\u00e0, 26 \u2013 26100 Cremona (CR) \u2013 C.F. e P","robots":{"index":"index","follow":"follow","max-snippet":"max-snippet:-1","max-image-preview":"max-image-preview:large","max-video-preview":"max-video-preview:-1"},"canonical":"https:\/\/www.hotelastoriacremona.com\/en\/privacy\/","og_locale":"en_US","og_type":"article","og_title":"Privacy &#8226; Astoria City Hotel &#8226;","og_description":"CREMONAHOTELS.IT SRL Piazza Libert\u00e0, 26 \u2013 26100 Cremona (CR) \u2013 C.F. e P","og_url":"https:\/\/www.hotelastoriacremona.com\/en\/privacy\/","og_site_name":"Astoria City Hotel","article_modified_time":"2021-10-07T17:33:43+00:00","twitter_card":"summary_large_image","twitter_misc":{"Est. reading time":"3 minutes"},"schema":{"@context":"https:\/\/schema.org","@graph":[{"@type":"WebPage","@id":"https:\/\/www.hotelastoriacremona.com\/en\/privacy\/","url":"https:\/\/www.hotelastoriacremona.com\/en\/privacy\/","name":"Privacy &#8226; Astoria City Hotel &#8226;","isPartOf":{"@id":"https:\/\/www.hotelastoriacremona.com\/en\/#website"},"datePublished":"2021-09-22T10:06:56+00:00","dateModified":"2021-10-07T17:33:43+00:00","description":"CREMONAHOTELS.IT SRL Piazza Libert\u00e0, 26 \u2013 26100 Cremona (CR) \u2013 C.F. e P","breadcrumb":{"@id":"https:\/\/www.hotelastoriacremona.com\/en\/privacy\/#breadcrumb"},"inLanguage":"en-US","potentialAction":[{"@type":"ReadAction","target":["https:\/\/www.hotelastoriacremona.com\/en\/privacy\/"]}]},{"@type":"BreadcrumbList","@id":"https:\/\/www.hotelastoriacremona.com\/en\/privacy\/#breadcrumb","itemListElement":[{"@type":"ListItem","position":1,"name":"Home","item":"https:\/\/www.hotelastoriacremona.com\/en\/"},{"@type":"ListItem","position":2,"name":"Privacy"}]},{"@type":"WebSite","@id":"https:\/\/www.hotelastoriacremona.com\/en\/#website","url":"https:\/\/www.hotelastoriacremona.com\/en\/","name":"Astoria City Hotel","description":"Just another ms.decms.eu site","potentialAction":[{"@type":"SearchAction","target":{"@type":"EntryPoint","urlTemplate":"https:\/\/www.hotelastoriacremona.com\/en\/?s={search_term_string}"},"query-input":{"@type":"PropertyValueSpecification","valueRequired":true,"valueName":"search_term_string"}}],"inLanguage":"en-US"}]}},"acf":[],"_links":{"self":[{"href":"https:\/\/www.hotelastoriacremona.com\/en\/wp-json\/wp\/v2\/pages\/270","targetHints":{"allow":["GET"]}}],"collection":[{"href":"https:\/\/www.hotelastoriacremona.com\/en\/wp-json\/wp\/v2\/pages"}],"about":[{"href":"https:\/\/www.hotelastoriacremona.com\/en\/wp-json\/wp\/v2\/types\/page"}],"author":[{"embeddable":true,"href":"https:\/\/www.hotelastoriacremona.com\/en\/wp-json\/wp\/v2\/users\/344"}],"replies":[{"embeddable":true,"href":"https:\/\/www.hotelastoriacremona.com\/en\/wp-json\/wp\/v2\/comments?post=270"}],"version-history":[{"count":0,"href":"https:\/\/www.hotelastoriacremona.com\/en\/wp-json\/wp\/v2\/pages\/270\/revisions"}],"wp:attachment":[{"href":"https:\/\/www.hotelastoriacremona.com\/en\/wp-json\/wp\/v2\/media?parent=270"}],"curies":[{"name":"wp","href":"https:\/\/api.w.org\/{rel}","templated":true}]}}