{"id":225,"date":"2021-09-22T09:26:11","date_gmt":"2021-09-22T09:26:11","guid":{"rendered":"https:\/\/hotel-astoria-cremona.ms.decms.eu\/?page_id=225"},"modified":"2022-10-05T13:40:59","modified_gmt":"2022-10-05T13:40:59","slug":"hotel","status":"publish","type":"page","link":"https:\/\/www.hotelastoriacremona.com\/fr\/hotel\/","title":{"rendered":"Hotel"},"content":{"rendered":"<p>Notre accueillance est moderne, vite et hygi\u00e9nique\u00a0: apr\u00e8s la confirmation de la r\u00e9servation, vous recevrez une e-mail avec laquelle vous pourrez faire le check in en ligne et avoir sur votre smartphone la cl\u00e9 digitale avec laquelle vous pouvez entrer dans votre chambre tout simplement en appuyant votre smartphone \u00e0 la poign\u00e9 de la porte. Vous pouvez aussi faire le check out avec votre smartphone ou ordinateur portable\/tablette.<\/p>\n<p>&nbsp;<\/p>\n","protected":false},"excerpt":{"rendered":"<p>Notre accueillance est moderne, vite et hygi\u00e9nique\u00a0: apr\u00e8s la confirmation de la r\u00e9servation, vous recevrez une e-mail avec laquelle vous pourrez faire le check in en ligne et avoir sur votre smartphone la cl\u00e9 digitale avec laquelle vous pouvez entrer dans votre chambre tout simplement en appuyant votre smartphone \u00e0 la poign\u00e9 de la porte. [&hellip;]<\/p>\n","protected":false},"author":344,"featured_media":0,"parent":0,"menu_order":20,"comment_status":"closed","ping_status":"closed","template":"template-hotel.php","meta":{"footnotes":""},"class_list":["post-225","page","type-page","status-publish","hentry"],"yoast_head":"<!-- This site is optimized with the Yoast SEO plugin v26.9 - https:\/\/yoast.com\/product\/yoast-seo-wordpress\/ -->\n<title>Hotel &#8226; Astoria City Hotel &#8226;<\/title>\n<meta name=\"description\" content=\"Notre accueillance est moderne, vite et hygi\u00e9nique\u00a0: apr\u00e8s la confirmation de la r\u00e9servation, vous recevrez une e-mail avec laquelle vous pourrez faire le check in en ligne et avoir sur votre smartphone la cl\u00e9 digitale avec laquelle vous pouvez entrer dans votre chambre tout simplement en appuyant votre smartphone \u00e0 la poign\u00e9 de la porte. Vous pouvez aussi faire le check out avec votre smartphone ou ordinateur portable\/tablette.  &nbsp;\" \/>\n<meta name=\"robots\" content=\"index, follow, max-snippet:-1, max-image-preview:large, max-video-preview:-1\" \/>\n<link rel=\"canonical\" href=\"https:\/\/www.hotelastoriacremona.com\/fr\/hotel\/\" \/>\n<meta property=\"og:locale\" content=\"fr_FR\" \/>\n<meta property=\"og:type\" content=\"article\" \/>\n<meta property=\"og:title\" content=\"Hotel &#8226; Astoria City Hotel &#8226;\" \/>\n<meta property=\"og:description\" content=\"Notre accueillance est moderne, vite et hygi\u00e9nique\u00a0: apr\u00e8s la confirmation de la r\u00e9servation, vous recevrez une e-mail avec laquelle vous pourrez faire le check in en ligne et avoir sur votre smartphone la cl\u00e9 digitale avec laquelle vous pouvez entrer dans votre chambre tout simplement en appuyant votre smartphone \u00e0 la poign\u00e9 de la porte. Vous pouvez aussi faire le check out avec votre smartphone ou ordinateur portable\/tablette.  &nbsp;\" \/>\n<meta property=\"og:url\" content=\"https:\/\/www.hotelastoriacremona.com\/fr\/hotel\/\" \/>\n<meta property=\"og:site_name\" content=\"Astoria City Hotel\" \/>\n<meta property=\"article:modified_time\" content=\"2022-10-05T13:40:59+00:00\" \/>\n<meta name=\"twitter:card\" content=\"summary_large_image\" \/>\n<script type=\"application\/ld+json\" class=\"yoast-schema-graph\">{\"@context\":\"https:\/\/schema.org\",\"@graph\":[{\"@type\":\"WebPage\",\"@id\":\"https:\/\/www.hotelastoriacremona.com\/fr\/hotel\/\",\"url\":\"https:\/\/www.hotelastoriacremona.com\/fr\/hotel\/\",\"name\":\"Hotel &#8226; Astoria City Hotel &#8226;\",\"isPartOf\":{\"@id\":\"https:\/\/www.hotelastoriacremona.com\/fr\/#website\"},\"datePublished\":\"2021-09-22T09:26:11+00:00\",\"dateModified\":\"2022-10-05T13:40:59+00:00\",\"description\":\"Notre accueillance est moderne, vite et hygi\u00e9nique\u00a0: apr\u00e8s la confirmation de la r\u00e9servation, vous recevrez une e-mail avec laquelle vous pourrez faire le check in en ligne et avoir sur votre smartphone la cl\u00e9 digitale avec laquelle vous pouvez entrer dans votre chambre tout simplement en appuyant votre smartphone \u00e0 la poign\u00e9 de la porte. Vous pouvez aussi faire le check out avec votre smartphone ou ordinateur portable\/tablette. &nbsp;\",\"breadcrumb\":{\"@id\":\"https:\/\/www.hotelastoriacremona.com\/fr\/hotel\/#breadcrumb\"},\"inLanguage\":\"fr-FR\",\"potentialAction\":[{\"@type\":\"ReadAction\",\"target\":[\"https:\/\/www.hotelastoriacremona.com\/fr\/hotel\/\"]}]},{\"@type\":\"BreadcrumbList\",\"@id\":\"https:\/\/www.hotelastoriacremona.com\/fr\/hotel\/#breadcrumb\",\"itemListElement\":[{\"@type\":\"ListItem\",\"position\":1,\"name\":\"Home\",\"item\":\"https:\/\/www.hotelastoriacremona.com\/fr\/\"},{\"@type\":\"ListItem\",\"position\":2,\"name\":\"Hotel\"}]},{\"@type\":\"WebSite\",\"@id\":\"https:\/\/www.hotelastoriacremona.com\/fr\/#website\",\"url\":\"https:\/\/www.hotelastoriacremona.com\/fr\/\",\"name\":\"Astoria City Hotel\",\"description\":\"Just another ms.decms.eu site\",\"potentialAction\":[{\"@type\":\"SearchAction\",\"target\":{\"@type\":\"EntryPoint\",\"urlTemplate\":\"https:\/\/www.hotelastoriacremona.com\/fr\/?s={search_term_string}\"},\"query-input\":{\"@type\":\"PropertyValueSpecification\",\"valueRequired\":true,\"valueName\":\"search_term_string\"}}],\"inLanguage\":\"fr-FR\"}]}<\/script>\n<!-- \/ Yoast SEO plugin. -->","yoast_head_json":{"title":"Hotel &#8226; Astoria City Hotel &#8226;","description":"Notre accueillance est moderne, vite et hygi\u00e9nique\u00a0: apr\u00e8s la confirmation de la r\u00e9servation, vous recevrez une e-mail avec laquelle vous pourrez faire le check in en ligne et avoir sur votre smartphone la cl\u00e9 digitale avec laquelle vous pouvez entrer dans votre chambre tout simplement en appuyant votre smartphone \u00e0 la poign\u00e9 de la porte. Vous pouvez aussi faire le check out avec votre smartphone ou ordinateur portable\/tablette.  &nbsp;","robots":{"index":"index","follow":"follow","max-snippet":"max-snippet:-1","max-image-preview":"max-image-preview:large","max-video-preview":"max-video-preview:-1"},"canonical":"https:\/\/www.hotelastoriacremona.com\/fr\/hotel\/","og_locale":"fr_FR","og_type":"article","og_title":"Hotel &#8226; Astoria City Hotel &#8226;","og_description":"Notre accueillance est moderne, vite et hygi\u00e9nique\u00a0: apr\u00e8s la confirmation de la r\u00e9servation, vous recevrez une e-mail avec laquelle vous pourrez faire le check in en ligne et avoir sur votre smartphone la cl\u00e9 digitale avec laquelle vous pouvez entrer dans votre chambre tout simplement en appuyant votre smartphone \u00e0 la poign\u00e9 de la porte. Vous pouvez aussi faire le check out avec votre smartphone ou ordinateur portable\/tablette.  &nbsp;","og_url":"https:\/\/www.hotelastoriacremona.com\/fr\/hotel\/","og_site_name":"Astoria City Hotel","article_modified_time":"2022-10-05T13:40:59+00:00","twitter_card":"summary_large_image","schema":{"@context":"https:\/\/schema.org","@graph":[{"@type":"WebPage","@id":"https:\/\/www.hotelastoriacremona.com\/fr\/hotel\/","url":"https:\/\/www.hotelastoriacremona.com\/fr\/hotel\/","name":"Hotel &#8226; Astoria City Hotel &#8226;","isPartOf":{"@id":"https:\/\/www.hotelastoriacremona.com\/fr\/#website"},"datePublished":"2021-09-22T09:26:11+00:00","dateModified":"2022-10-05T13:40:59+00:00","description":"Notre accueillance est moderne, vite et hygi\u00e9nique\u00a0: apr\u00e8s la confirmation de la r\u00e9servation, vous recevrez une e-mail avec laquelle vous pourrez faire le check in en ligne et avoir sur votre smartphone la cl\u00e9 digitale avec laquelle vous pouvez entrer dans votre chambre tout simplement en appuyant votre smartphone \u00e0 la poign\u00e9 de la porte. Vous pouvez aussi faire le check out avec votre smartphone ou ordinateur portable\/tablette. &nbsp;","breadcrumb":{"@id":"https:\/\/www.hotelastoriacremona.com\/fr\/hotel\/#breadcrumb"},"inLanguage":"fr-FR","potentialAction":[{"@type":"ReadAction","target":["https:\/\/www.hotelastoriacremona.com\/fr\/hotel\/"]}]},{"@type":"BreadcrumbList","@id":"https:\/\/www.hotelastoriacremona.com\/fr\/hotel\/#breadcrumb","itemListElement":[{"@type":"ListItem","position":1,"name":"Home","item":"https:\/\/www.hotelastoriacremona.com\/fr\/"},{"@type":"ListItem","position":2,"name":"Hotel"}]},{"@type":"WebSite","@id":"https:\/\/www.hotelastoriacremona.com\/fr\/#website","url":"https:\/\/www.hotelastoriacremona.com\/fr\/","name":"Astoria City Hotel","description":"Just another ms.decms.eu site","potentialAction":[{"@type":"SearchAction","target":{"@type":"EntryPoint","urlTemplate":"https:\/\/www.hotelastoriacremona.com\/fr\/?s={search_term_string}"},"query-input":{"@type":"PropertyValueSpecification","valueRequired":true,"valueName":"search_term_string"}}],"inLanguage":"fr-FR"}]}},"acf":[],"_links":{"self":[{"href":"https:\/\/www.hotelastoriacremona.com\/fr\/wp-json\/wp\/v2\/pages\/225","targetHints":{"allow":["GET"]}}],"collection":[{"href":"https:\/\/www.hotelastoriacremona.com\/fr\/wp-json\/wp\/v2\/pages"}],"about":[{"href":"https:\/\/www.hotelastoriacremona.com\/fr\/wp-json\/wp\/v2\/types\/page"}],"author":[{"embeddable":true,"href":"https:\/\/www.hotelastoriacremona.com\/fr\/wp-json\/wp\/v2\/users\/344"}],"replies":[{"embeddable":true,"href":"https:\/\/www.hotelastoriacremona.com\/fr\/wp-json\/wp\/v2\/comments?post=225"}],"version-history":[{"count":0,"href":"https:\/\/www.hotelastoriacremona.com\/fr\/wp-json\/wp\/v2\/pages\/225\/revisions"}],"wp:attachment":[{"href":"https:\/\/www.hotelastoriacremona.com\/fr\/wp-json\/wp\/v2\/media?parent=225"}],"curies":[{"name":"wp","href":"https:\/\/api.w.org\/{rel}","templated":true}]}}