{"id":228,"date":"2021-09-22T09:28:53","date_gmt":"2021-09-22T09:28:53","guid":{"rendered":"https:\/\/hotel-astoria-cremona.ms.decms.eu\/?page_id=228"},"modified":"2023-11-23T15:56:34","modified_gmt":"2023-11-23T15:56:34","slug":"chambres","status":"publish","type":"page","link":"https:\/\/www.hotelastoriacremona.com\/fr\/chambres\/","title":{"rendered":"Chambres"},"content":{"rendered":"<p>Les 26 chambres sont toutes meubl\u00e9es dans un style classique avec une petite touche design, toutes avec salle de bain priv\u00e9e, disposent de la climatisation et du chauffage. Certaines avec vue sur les rues les plus caract\u00e9ristiques du centre historique. Toutes \u00e9quip\u00e9es de t\u00e9l\u00e9vision HD avec cha\u00eenes nationales, internationales et SKY, connexion wi-fi.<\/p>\n<p>Les 26 chambres sont \u00e9quip\u00e9es de TV LED avec cha\u00eenes internationales, SKY et connexion wi-fi.<\/p>\n","protected":false},"excerpt":{"rendered":"<p>Les 26 chambres sont toutes meubl\u00e9es dans un style classique avec une petite touche design, toutes avec salle de bain priv\u00e9e, disposent de la climatisation et du chauffage. Certaines avec vue sur les rues les plus caract\u00e9ristiques du centre historique. Toutes \u00e9quip\u00e9es de t\u00e9l\u00e9vision HD avec cha\u00eenes nationales, internationales et SKY, connexion wi-fi. Les 26 [&hellip;]<\/p>\n","protected":false},"author":344,"featured_media":0,"parent":0,"menu_order":30,"comment_status":"closed","ping_status":"closed","template":"template-rooms.php","meta":{"footnotes":""},"class_list":["post-228","page","type-page","status-publish","hentry"],"yoast_head":"<!-- This site is optimized with the Yoast SEO plugin v26.9 - https:\/\/yoast.com\/product\/yoast-seo-wordpress\/ -->\n<title>Chambres &#8226; Astoria City Hotel &#8226;<\/title>\n<meta name=\"description\" content=\"Les 26 chambres sont toutes meubl\u00e9es dans un style classique avec une petite touche design, toutes avec salle de bain priv\u00e9e, disposent de la climatisation et du chauffage. Certaines avec vue sur les rues les plus caract\u00e9ristiques du centre historique\" \/>\n<meta name=\"robots\" content=\"index, follow, max-snippet:-1, max-image-preview:large, max-video-preview:-1\" \/>\n<link rel=\"canonical\" href=\"https:\/\/www.hotelastoriacremona.com\/fr\/chambres\/\" \/>\n<meta property=\"og:locale\" content=\"fr_FR\" \/>\n<meta property=\"og:type\" content=\"article\" \/>\n<meta property=\"og:title\" content=\"Chambres &#8226; Astoria City Hotel &#8226;\" \/>\n<meta property=\"og:description\" content=\"Les 26 chambres sont toutes meubl\u00e9es dans un style classique avec une petite touche design, toutes avec salle de bain priv\u00e9e, disposent de la climatisation et du chauffage. Certaines avec vue sur les rues les plus caract\u00e9ristiques du centre historique\" \/>\n<meta property=\"og:url\" content=\"https:\/\/www.hotelastoriacremona.com\/fr\/chambres\/\" \/>\n<meta property=\"og:site_name\" content=\"Astoria City Hotel\" \/>\n<meta property=\"article:modified_time\" content=\"2023-11-23T15:56:34+00:00\" \/>\n<meta name=\"twitter:card\" content=\"summary_large_image\" \/>\n<meta name=\"twitter:label1\" content=\"Dur\u00e9e de lecture estim\u00e9e\" \/>\n\t<meta name=\"twitter:data1\" content=\"1 minute\" \/>\n<script type=\"application\/ld+json\" class=\"yoast-schema-graph\">{\"@context\":\"https:\/\/schema.org\",\"@graph\":[{\"@type\":\"WebPage\",\"@id\":\"https:\/\/www.hotelastoriacremona.com\/fr\/chambres\/\",\"url\":\"https:\/\/www.hotelastoriacremona.com\/fr\/chambres\/\",\"name\":\"Chambres &#8226; Astoria City Hotel &#8226;\",\"isPartOf\":{\"@id\":\"https:\/\/www.hotelastoriacremona.com\/fr\/#website\"},\"datePublished\":\"2021-09-22T09:28:53+00:00\",\"dateModified\":\"2023-11-23T15:56:34+00:00\",\"description\":\"Les 26 chambres sont toutes meubl\u00e9es dans un style classique avec une petite touche design, toutes avec salle de bain priv\u00e9e, disposent de la climatisation et du chauffage. Certaines avec vue sur les rues les plus caract\u00e9ristiques du centre historique\",\"breadcrumb\":{\"@id\":\"https:\/\/www.hotelastoriacremona.com\/fr\/chambres\/#breadcrumb\"},\"inLanguage\":\"fr-FR\",\"potentialAction\":[{\"@type\":\"ReadAction\",\"target\":[\"https:\/\/www.hotelastoriacremona.com\/fr\/chambres\/\"]}]},{\"@type\":\"BreadcrumbList\",\"@id\":\"https:\/\/www.hotelastoriacremona.com\/fr\/chambres\/#breadcrumb\",\"itemListElement\":[{\"@type\":\"ListItem\",\"position\":1,\"name\":\"Home\",\"item\":\"https:\/\/www.hotelastoriacremona.com\/fr\/\"},{\"@type\":\"ListItem\",\"position\":2,\"name\":\"Chambres\"}]},{\"@type\":\"WebSite\",\"@id\":\"https:\/\/www.hotelastoriacremona.com\/fr\/#website\",\"url\":\"https:\/\/www.hotelastoriacremona.com\/fr\/\",\"name\":\"Astoria City Hotel\",\"description\":\"Just another ms.decms.eu site\",\"potentialAction\":[{\"@type\":\"SearchAction\",\"target\":{\"@type\":\"EntryPoint\",\"urlTemplate\":\"https:\/\/www.hotelastoriacremona.com\/fr\/?s={search_term_string}\"},\"query-input\":{\"@type\":\"PropertyValueSpecification\",\"valueRequired\":true,\"valueName\":\"search_term_string\"}}],\"inLanguage\":\"fr-FR\"}]}<\/script>\n<!-- \/ Yoast SEO plugin. -->","yoast_head_json":{"title":"Chambres &#8226; Astoria City Hotel &#8226;","description":"Les 26 chambres sont toutes meubl\u00e9es dans un style classique avec une petite touche design, toutes avec salle de bain priv\u00e9e, disposent de la climatisation et du chauffage. Certaines avec vue sur les rues les plus caract\u00e9ristiques du centre historique","robots":{"index":"index","follow":"follow","max-snippet":"max-snippet:-1","max-image-preview":"max-image-preview:large","max-video-preview":"max-video-preview:-1"},"canonical":"https:\/\/www.hotelastoriacremona.com\/fr\/chambres\/","og_locale":"fr_FR","og_type":"article","og_title":"Chambres &#8226; Astoria City Hotel &#8226;","og_description":"Les 26 chambres sont toutes meubl\u00e9es dans un style classique avec une petite touche design, toutes avec salle de bain priv\u00e9e, disposent de la climatisation et du chauffage. Certaines avec vue sur les rues les plus caract\u00e9ristiques du centre historique","og_url":"https:\/\/www.hotelastoriacremona.com\/fr\/chambres\/","og_site_name":"Astoria City Hotel","article_modified_time":"2023-11-23T15:56:34+00:00","twitter_card":"summary_large_image","twitter_misc":{"Dur\u00e9e de lecture estim\u00e9e":"1 minute"},"schema":{"@context":"https:\/\/schema.org","@graph":[{"@type":"WebPage","@id":"https:\/\/www.hotelastoriacremona.com\/fr\/chambres\/","url":"https:\/\/www.hotelastoriacremona.com\/fr\/chambres\/","name":"Chambres &#8226; Astoria City Hotel &#8226;","isPartOf":{"@id":"https:\/\/www.hotelastoriacremona.com\/fr\/#website"},"datePublished":"2021-09-22T09:28:53+00:00","dateModified":"2023-11-23T15:56:34+00:00","description":"Les 26 chambres sont toutes meubl\u00e9es dans un style classique avec une petite touche design, toutes avec salle de bain priv\u00e9e, disposent de la climatisation et du chauffage. Certaines avec vue sur les rues les plus caract\u00e9ristiques du centre historique","breadcrumb":{"@id":"https:\/\/www.hotelastoriacremona.com\/fr\/chambres\/#breadcrumb"},"inLanguage":"fr-FR","potentialAction":[{"@type":"ReadAction","target":["https:\/\/www.hotelastoriacremona.com\/fr\/chambres\/"]}]},{"@type":"BreadcrumbList","@id":"https:\/\/www.hotelastoriacremona.com\/fr\/chambres\/#breadcrumb","itemListElement":[{"@type":"ListItem","position":1,"name":"Home","item":"https:\/\/www.hotelastoriacremona.com\/fr\/"},{"@type":"ListItem","position":2,"name":"Chambres"}]},{"@type":"WebSite","@id":"https:\/\/www.hotelastoriacremona.com\/fr\/#website","url":"https:\/\/www.hotelastoriacremona.com\/fr\/","name":"Astoria City Hotel","description":"Just another ms.decms.eu site","potentialAction":[{"@type":"SearchAction","target":{"@type":"EntryPoint","urlTemplate":"https:\/\/www.hotelastoriacremona.com\/fr\/?s={search_term_string}"},"query-input":{"@type":"PropertyValueSpecification","valueRequired":true,"valueName":"search_term_string"}}],"inLanguage":"fr-FR"}]}},"acf":[],"_links":{"self":[{"href":"https:\/\/www.hotelastoriacremona.com\/fr\/wp-json\/wp\/v2\/pages\/228","targetHints":{"allow":["GET"]}}],"collection":[{"href":"https:\/\/www.hotelastoriacremona.com\/fr\/wp-json\/wp\/v2\/pages"}],"about":[{"href":"https:\/\/www.hotelastoriacremona.com\/fr\/wp-json\/wp\/v2\/types\/page"}],"author":[{"embeddable":true,"href":"https:\/\/www.hotelastoriacremona.com\/fr\/wp-json\/wp\/v2\/users\/344"}],"replies":[{"embeddable":true,"href":"https:\/\/www.hotelastoriacremona.com\/fr\/wp-json\/wp\/v2\/comments?post=228"}],"version-history":[{"count":0,"href":"https:\/\/www.hotelastoriacremona.com\/fr\/wp-json\/wp\/v2\/pages\/228\/revisions"}],"wp:attachment":[{"href":"https:\/\/www.hotelastoriacremona.com\/fr\/wp-json\/wp\/v2\/media?parent=228"}],"curies":[{"name":"wp","href":"https:\/\/api.w.org\/{rel}","templated":true}]}}