{"id":262,"date":"2021-09-22T10:03:57","date_gmt":"2021-09-22T10:03:57","guid":{"rendered":"https:\/\/hotel-astoria-cremona.ms.decms.eu\/?page_id=262"},"modified":"2025-12-01T09:59:59","modified_gmt":"2025-12-01T09:59:59","slug":"ou-sommes-nous","status":"publish","type":"page","link":"https:\/\/www.hotelastoriacremona.com\/fr\/ou-sommes-nous\/","title":{"rendered":"Ou\u2019 sommes-nous"},"content":{"rendered":"<p style=\"text-align: center\"><strong>ASTORIA City Hotel<\/strong><\/p>\n<p style=\"text-align: center\">Via Solferino 9 \u2013 26100 Cremona<\/p>\n<p style=\"text-align: center\">Telefono. <a href=\"tel:+390372461616\">+39 0372 461616<\/a><br \/>\nFax +39 0372 461810<\/p>\n<p style=\"text-align: center\">Whatsapp. <a href=\"https:\/\/api.whatsapp.com\/send?phone=390372461616\">+39 0372 461616<\/a><\/p>\n<p style=\"text-align: center\">Email: <a href=\"mailto:astoria@cremonahotels.it\">astoria@cremonahotels.it<\/a><\/p>\n<p>&nbsp;<\/p>\n<p>L\u2019hotel est loin seulement 4 km de la sortie d\u2019autoroute et 1 km de la gare routi\u00e8re, en zone pi\u00e9tonne, charge\/d\u00e9charge bagages, \u00e0 quelques m\u00e8tres de l\u2019entr\u00e9e.<\/p>\n<p>Les a\u00e9roports de Milano Linate et Bergamo Orio al Serio sont loin environ 100 km de la ville et l\u2019a\u00e9roport de Milano Malpensa est loin 150 km. L\u2019hotel met \u00e0 votre disposition des services de transfert \u00e0 convenir (avec suppl\u00e9ment)<\/p>\n<p>Grand parking couvert (Parking SABA) de Piazza Marconi, conventionn\u00e9, \u00e0 350 m\u00e8tres, ou garage priv\u00e9 chez DelleArti Design Hotel \u00e0 15,00 \u20ac (seulement sur r\u00e9servation)<\/p>\n","protected":false},"excerpt":{"rendered":"<p>ASTORIA City Hotel Via Solferino 9 \u2013 26100 Cremona Telefono. +39 0372 461616 Fax +39 0372 461810 Whatsapp. +39 0372 461616 Email: astoria@cremonahotels.it &nbsp; L\u2019hotel est loin seulement 4 km de la sortie d\u2019autoroute et 1 km de la gare routi\u00e8re, en zone pi\u00e9tonne, charge\/d\u00e9charge bagages, \u00e0 quelques m\u00e8tres de l\u2019entr\u00e9e. Les a\u00e9roports de Milano [&hellip;]<\/p>\n","protected":false},"author":344,"featured_media":0,"parent":0,"menu_order":70,"comment_status":"closed","ping_status":"closed","template":"","meta":{"footnotes":""},"class_list":["post-262","page","type-page","status-publish","hentry"],"yoast_head":"<!-- This site is optimized with the Yoast SEO plugin v26.9 - https:\/\/yoast.com\/product\/yoast-seo-wordpress\/ -->\n<title>Ou\u2019 sommes-nous &#8226; Astoria City Hotel &#8226;<\/title>\n<meta name=\"description\" content=\"ASTORIA City Hotel Via Solferino 9 \u2013 26100 Cremona Telefono. +39 0372 461616 Fax +39 0372 461810 Whatsapp\" \/>\n<meta name=\"robots\" content=\"index, follow, max-snippet:-1, max-image-preview:large, max-video-preview:-1\" \/>\n<link rel=\"canonical\" href=\"https:\/\/www.hotelastoriacremona.com\/fr\/ou-sommes-nous\/\" \/>\n<meta property=\"og:locale\" content=\"fr_FR\" \/>\n<meta property=\"og:type\" content=\"article\" \/>\n<meta property=\"og:title\" content=\"Ou\u2019 sommes-nous &#8226; Astoria City Hotel &#8226;\" \/>\n<meta property=\"og:description\" content=\"ASTORIA City Hotel Via Solferino 9 \u2013 26100 Cremona Telefono. +39 0372 461616 Fax +39 0372 461810 Whatsapp\" \/>\n<meta property=\"og:url\" content=\"https:\/\/www.hotelastoriacremona.com\/fr\/ou-sommes-nous\/\" \/>\n<meta property=\"og:site_name\" content=\"Astoria City Hotel\" \/>\n<meta property=\"article:modified_time\" content=\"2025-12-01T09:59:59+00:00\" \/>\n<meta name=\"twitter:card\" content=\"summary_large_image\" \/>\n<meta name=\"twitter:label1\" content=\"Dur\u00e9e de lecture estim\u00e9e\" \/>\n\t<meta name=\"twitter:data1\" content=\"1 minute\" \/>\n<script type=\"application\/ld+json\" class=\"yoast-schema-graph\">{\"@context\":\"https:\/\/schema.org\",\"@graph\":[{\"@type\":\"WebPage\",\"@id\":\"https:\/\/www.hotelastoriacremona.com\/fr\/ou-sommes-nous\/\",\"url\":\"https:\/\/www.hotelastoriacremona.com\/fr\/ou-sommes-nous\/\",\"name\":\"Ou\u2019 sommes-nous &#8226; Astoria City Hotel &#8226;\",\"isPartOf\":{\"@id\":\"https:\/\/www.hotelastoriacremona.com\/fr\/#website\"},\"datePublished\":\"2021-09-22T10:03:57+00:00\",\"dateModified\":\"2025-12-01T09:59:59+00:00\",\"description\":\"ASTORIA City Hotel Via Solferino 9 \u2013 26100 Cremona Telefono. +39 0372 461616 Fax +39 0372 461810 Whatsapp\",\"breadcrumb\":{\"@id\":\"https:\/\/www.hotelastoriacremona.com\/fr\/ou-sommes-nous\/#breadcrumb\"},\"inLanguage\":\"fr-FR\",\"potentialAction\":[{\"@type\":\"ReadAction\",\"target\":[\"https:\/\/www.hotelastoriacremona.com\/fr\/ou-sommes-nous\/\"]}]},{\"@type\":\"BreadcrumbList\",\"@id\":\"https:\/\/www.hotelastoriacremona.com\/fr\/ou-sommes-nous\/#breadcrumb\",\"itemListElement\":[{\"@type\":\"ListItem\",\"position\":1,\"name\":\"Home\",\"item\":\"https:\/\/www.hotelastoriacremona.com\/fr\/\"},{\"@type\":\"ListItem\",\"position\":2,\"name\":\"Ou\u2019 sommes-nous\"}]},{\"@type\":\"WebSite\",\"@id\":\"https:\/\/www.hotelastoriacremona.com\/fr\/#website\",\"url\":\"https:\/\/www.hotelastoriacremona.com\/fr\/\",\"name\":\"Astoria City Hotel\",\"description\":\"Just another ms.decms.eu site\",\"potentialAction\":[{\"@type\":\"SearchAction\",\"target\":{\"@type\":\"EntryPoint\",\"urlTemplate\":\"https:\/\/www.hotelastoriacremona.com\/fr\/?s={search_term_string}\"},\"query-input\":{\"@type\":\"PropertyValueSpecification\",\"valueRequired\":true,\"valueName\":\"search_term_string\"}}],\"inLanguage\":\"fr-FR\"}]}<\/script>\n<!-- \/ Yoast SEO plugin. -->","yoast_head_json":{"title":"Ou\u2019 sommes-nous &#8226; Astoria City Hotel &#8226;","description":"ASTORIA City Hotel Via Solferino 9 \u2013 26100 Cremona Telefono. +39 0372 461616 Fax +39 0372 461810 Whatsapp","robots":{"index":"index","follow":"follow","max-snippet":"max-snippet:-1","max-image-preview":"max-image-preview:large","max-video-preview":"max-video-preview:-1"},"canonical":"https:\/\/www.hotelastoriacremona.com\/fr\/ou-sommes-nous\/","og_locale":"fr_FR","og_type":"article","og_title":"Ou\u2019 sommes-nous &#8226; Astoria City Hotel &#8226;","og_description":"ASTORIA City Hotel Via Solferino 9 \u2013 26100 Cremona Telefono. +39 0372 461616 Fax +39 0372 461810 Whatsapp","og_url":"https:\/\/www.hotelastoriacremona.com\/fr\/ou-sommes-nous\/","og_site_name":"Astoria City Hotel","article_modified_time":"2025-12-01T09:59:59+00:00","twitter_card":"summary_large_image","twitter_misc":{"Dur\u00e9e de lecture estim\u00e9e":"1 minute"},"schema":{"@context":"https:\/\/schema.org","@graph":[{"@type":"WebPage","@id":"https:\/\/www.hotelastoriacremona.com\/fr\/ou-sommes-nous\/","url":"https:\/\/www.hotelastoriacremona.com\/fr\/ou-sommes-nous\/","name":"Ou\u2019 sommes-nous &#8226; Astoria City Hotel &#8226;","isPartOf":{"@id":"https:\/\/www.hotelastoriacremona.com\/fr\/#website"},"datePublished":"2021-09-22T10:03:57+00:00","dateModified":"2025-12-01T09:59:59+00:00","description":"ASTORIA City Hotel Via Solferino 9 \u2013 26100 Cremona Telefono. +39 0372 461616 Fax +39 0372 461810 Whatsapp","breadcrumb":{"@id":"https:\/\/www.hotelastoriacremona.com\/fr\/ou-sommes-nous\/#breadcrumb"},"inLanguage":"fr-FR","potentialAction":[{"@type":"ReadAction","target":["https:\/\/www.hotelastoriacremona.com\/fr\/ou-sommes-nous\/"]}]},{"@type":"BreadcrumbList","@id":"https:\/\/www.hotelastoriacremona.com\/fr\/ou-sommes-nous\/#breadcrumb","itemListElement":[{"@type":"ListItem","position":1,"name":"Home","item":"https:\/\/www.hotelastoriacremona.com\/fr\/"},{"@type":"ListItem","position":2,"name":"Ou\u2019 sommes-nous"}]},{"@type":"WebSite","@id":"https:\/\/www.hotelastoriacremona.com\/fr\/#website","url":"https:\/\/www.hotelastoriacremona.com\/fr\/","name":"Astoria City Hotel","description":"Just another ms.decms.eu site","potentialAction":[{"@type":"SearchAction","target":{"@type":"EntryPoint","urlTemplate":"https:\/\/www.hotelastoriacremona.com\/fr\/?s={search_term_string}"},"query-input":{"@type":"PropertyValueSpecification","valueRequired":true,"valueName":"search_term_string"}}],"inLanguage":"fr-FR"}]}},"acf":[],"_links":{"self":[{"href":"https:\/\/www.hotelastoriacremona.com\/fr\/wp-json\/wp\/v2\/pages\/262","targetHints":{"allow":["GET"]}}],"collection":[{"href":"https:\/\/www.hotelastoriacremona.com\/fr\/wp-json\/wp\/v2\/pages"}],"about":[{"href":"https:\/\/www.hotelastoriacremona.com\/fr\/wp-json\/wp\/v2\/types\/page"}],"author":[{"embeddable":true,"href":"https:\/\/www.hotelastoriacremona.com\/fr\/wp-json\/wp\/v2\/users\/344"}],"replies":[{"embeddable":true,"href":"https:\/\/www.hotelastoriacremona.com\/fr\/wp-json\/wp\/v2\/comments?post=262"}],"version-history":[{"count":0,"href":"https:\/\/www.hotelastoriacremona.com\/fr\/wp-json\/wp\/v2\/pages\/262\/revisions"}],"wp:attachment":[{"href":"https:\/\/www.hotelastoriacremona.com\/fr\/wp-json\/wp\/v2\/media?parent=262"}],"curies":[{"name":"wp","href":"https:\/\/api.w.org\/{rel}","templated":true}]}}