{"id":5,"date":"2021-07-05T08:06:23","date_gmt":"2021-07-05T08:06:23","guid":{"rendered":"https:\/\/hotel-astoria-cremona.ms.decms.eu\/?page_id=5"},"modified":"2024-02-07T19:43:18","modified_gmt":"2024-02-07T19:43:18","slug":"homepage","status":"publish","type":"page","link":"https:\/\/www.hotelastoriacremona.com\/fr\/","title":{"rendered":"H\u00f4tel Astoria"},"content":{"rendered":"<p>Il est situ\u00e9 dans une petite ruelle caract\u00e9ristique au c\u0153ur du centre historique de Cr\u00e9mone, \u00e0 quelques pas du Duomo, du Torrazzo et des principales attractions touristiques de la ville.<\/p>\n<p>L&rsquo;atmosph\u00e8re chaleureuse et familiale vous accompagnera tout au long de votre s\u00e9jour .<\/p>\n<p>La r\u00e9ception est ouverte de 7h00 \u00e0 23h00 et l&rsquo;enregistrement s&rsquo;effectue entre 15h00 et 22h00.<\/p>\n<p>&nbsp;<\/p>\n","protected":false},"excerpt":{"rendered":"<p>Il est situ\u00e9 dans une petite ruelle caract\u00e9ristique au c\u0153ur du centre historique de Cr\u00e9mone, \u00e0 quelques pas du Duomo, du Torrazzo et des principales attractions touristiques de la ville. L&rsquo;atmosph\u00e8re chaleureuse et familiale vous accompagnera tout au long de votre s\u00e9jour . La r\u00e9ception est ouverte de 7h00 \u00e0 23h00 et l&rsquo;enregistrement s&rsquo;effectue entre [&hellip;]<\/p>\n","protected":false},"author":17,"featured_media":0,"parent":0,"menu_order":10,"comment_status":"closed","ping_status":"closed","template":"","meta":{"footnotes":""},"class_list":["post-5","page","type-page","status-publish","hentry"],"yoast_head":"<!-- This site is optimized with the Yoast SEO plugin v26.9 - https:\/\/yoast.com\/product\/yoast-seo-wordpress\/ -->\n<title>H\u00f4tel Astoria &#8226; \u00e0 quelques pas de la cath\u00e9drale de Cr\u00e9mone<\/title>\n<meta name=\"description\" content=\"Il est situ\u00e9 dans une petite ruelle caract\u00e9ristique au c\u0153ur du centre historique de Cr\u00e9mone, \u00e0 quelques pas du Duomo, du Torrazzo et des principales attractions touristiques de la ville.  L&#039;atmosph\u00e8re chaleureuse et familiale vous accompagnera tout au long de votre s\u00e9jour .  La r\u00e9ception est ouverte de 7h00 \u00e0 23h00 et l&#039;enregistrement s&#039;effectue entre 15h00 et 22h00.  &nbsp;.\" \/>\n<meta name=\"robots\" content=\"index, follow, max-snippet:-1, max-image-preview:large, max-video-preview:-1\" \/>\n<link rel=\"canonical\" href=\"https:\/\/www.hotelastoriacremona.com\/fr\/\" \/>\n<meta property=\"og:locale\" content=\"fr_FR\" \/>\n<meta property=\"og:type\" content=\"article\" \/>\n<meta property=\"og:title\" content=\"H\u00f4tel Astoria &#8226; \u00e0 quelques pas de la cath\u00e9drale de Cr\u00e9mone\" \/>\n<meta property=\"og:description\" content=\"Il est situ\u00e9 dans une petite ruelle caract\u00e9ristique au c\u0153ur du centre historique de Cr\u00e9mone, \u00e0 quelques pas du Duomo, du Torrazzo et des principales attractions touristiques de la ville.  L&#039;atmosph\u00e8re chaleureuse et familiale vous accompagnera tout au long de votre s\u00e9jour .  La r\u00e9ception est ouverte de 7h00 \u00e0 23h00 et l&#039;enregistrement s&#039;effectue entre 15h00 et 22h00.  &nbsp;.\" \/>\n<meta property=\"og:url\" content=\"https:\/\/www.hotelastoriacremona.com\/fr\/\" \/>\n<meta property=\"og:site_name\" content=\"Astoria City Hotel\" \/>\n<meta property=\"article:modified_time\" content=\"2024-02-07T19:43:18+00:00\" \/>\n<meta name=\"twitter:card\" content=\"summary_large_image\" \/>\n<meta name=\"twitter:label1\" content=\"Dur\u00e9e de lecture estim\u00e9e\" \/>\n\t<meta name=\"twitter:data1\" content=\"1 minute\" \/>\n<script type=\"application\/ld+json\" class=\"yoast-schema-graph\">{\"@context\":\"https:\/\/schema.org\",\"@graph\":[{\"@type\":\"WebPage\",\"@id\":\"https:\/\/www.hotelastoriacremona.com\/fr\/\",\"url\":\"https:\/\/www.hotelastoriacremona.com\/fr\/\",\"name\":\"H\u00f4tel Astoria &#8226; \u00e0 quelques pas de la cath\u00e9drale de Cr\u00e9mone\",\"isPartOf\":{\"@id\":\"https:\/\/www.hotelastoriacremona.com\/fr\/#website\"},\"datePublished\":\"2021-07-05T08:06:23+00:00\",\"dateModified\":\"2024-02-07T19:43:18+00:00\",\"description\":\"Il est situ\u00e9 dans une petite ruelle caract\u00e9ristique au c\u0153ur du centre historique de Cr\u00e9mone, \u00e0 quelques pas du Duomo, du Torrazzo et des principales attractions touristiques de la ville. L'atmosph\u00e8re chaleureuse et familiale vous accompagnera tout au long de votre s\u00e9jour . La r\u00e9ception est ouverte de 7h00 \u00e0 23h00 et l'enregistrement s'effectue entre 15h00 et 22h00. &nbsp;.\",\"breadcrumb\":{\"@id\":\"https:\/\/www.hotelastoriacremona.com\/fr\/#breadcrumb\"},\"inLanguage\":\"fr-FR\",\"potentialAction\":[{\"@type\":\"ReadAction\",\"target\":[\"https:\/\/www.hotelastoriacremona.com\/fr\/\"]}]},{\"@type\":\"BreadcrumbList\",\"@id\":\"https:\/\/www.hotelastoriacremona.com\/fr\/#breadcrumb\",\"itemListElement\":[{\"@type\":\"ListItem\",\"position\":1,\"name\":\"Home\",\"item\":\"https:\/\/www.hotelastoriacremona.com\/fr\/\"},{\"@type\":\"ListItem\",\"position\":2,\"name\":\"H\u00f4tel Astoria\"}]},{\"@type\":\"WebSite\",\"@id\":\"https:\/\/www.hotelastoriacremona.com\/fr\/#website\",\"url\":\"https:\/\/www.hotelastoriacremona.com\/fr\/\",\"name\":\"Astoria City Hotel\",\"description\":\"Just another ms.decms.eu site\",\"potentialAction\":[{\"@type\":\"SearchAction\",\"target\":{\"@type\":\"EntryPoint\",\"urlTemplate\":\"https:\/\/www.hotelastoriacremona.com\/fr\/?s={search_term_string}\"},\"query-input\":{\"@type\":\"PropertyValueSpecification\",\"valueRequired\":true,\"valueName\":\"search_term_string\"}}],\"inLanguage\":\"fr-FR\"}]}<\/script>\n<!-- \/ Yoast SEO plugin. -->","yoast_head_json":{"title":"H\u00f4tel Astoria &#8226; \u00e0 quelques pas de la cath\u00e9drale de Cr\u00e9mone","description":"Il est situ\u00e9 dans une petite ruelle caract\u00e9ristique au c\u0153ur du centre historique de Cr\u00e9mone, \u00e0 quelques pas du Duomo, du Torrazzo et des principales attractions touristiques de la ville.  L'atmosph\u00e8re chaleureuse et familiale vous accompagnera tout au long de votre s\u00e9jour .  La r\u00e9ception est ouverte de 7h00 \u00e0 23h00 et l'enregistrement s'effectue entre 15h00 et 22h00.  &nbsp;.","robots":{"index":"index","follow":"follow","max-snippet":"max-snippet:-1","max-image-preview":"max-image-preview:large","max-video-preview":"max-video-preview:-1"},"canonical":"https:\/\/www.hotelastoriacremona.com\/fr\/","og_locale":"fr_FR","og_type":"article","og_title":"H\u00f4tel Astoria &#8226; \u00e0 quelques pas de la cath\u00e9drale de Cr\u00e9mone","og_description":"Il est situ\u00e9 dans une petite ruelle caract\u00e9ristique au c\u0153ur du centre historique de Cr\u00e9mone, \u00e0 quelques pas du Duomo, du Torrazzo et des principales attractions touristiques de la ville.  L'atmosph\u00e8re chaleureuse et familiale vous accompagnera tout au long de votre s\u00e9jour .  La r\u00e9ception est ouverte de 7h00 \u00e0 23h00 et l'enregistrement s'effectue entre 15h00 et 22h00.  &nbsp;.","og_url":"https:\/\/www.hotelastoriacremona.com\/fr\/","og_site_name":"Astoria City Hotel","article_modified_time":"2024-02-07T19:43:18+00:00","twitter_card":"summary_large_image","twitter_misc":{"Dur\u00e9e de lecture estim\u00e9e":"1 minute"},"schema":{"@context":"https:\/\/schema.org","@graph":[{"@type":"WebPage","@id":"https:\/\/www.hotelastoriacremona.com\/fr\/","url":"https:\/\/www.hotelastoriacremona.com\/fr\/","name":"H\u00f4tel Astoria &#8226; \u00e0 quelques pas de la cath\u00e9drale de Cr\u00e9mone","isPartOf":{"@id":"https:\/\/www.hotelastoriacremona.com\/fr\/#website"},"datePublished":"2021-07-05T08:06:23+00:00","dateModified":"2024-02-07T19:43:18+00:00","description":"Il est situ\u00e9 dans une petite ruelle caract\u00e9ristique au c\u0153ur du centre historique de Cr\u00e9mone, \u00e0 quelques pas du Duomo, du Torrazzo et des principales attractions touristiques de la ville. L'atmosph\u00e8re chaleureuse et familiale vous accompagnera tout au long de votre s\u00e9jour . La r\u00e9ception est ouverte de 7h00 \u00e0 23h00 et l'enregistrement s'effectue entre 15h00 et 22h00. &nbsp;.","breadcrumb":{"@id":"https:\/\/www.hotelastoriacremona.com\/fr\/#breadcrumb"},"inLanguage":"fr-FR","potentialAction":[{"@type":"ReadAction","target":["https:\/\/www.hotelastoriacremona.com\/fr\/"]}]},{"@type":"BreadcrumbList","@id":"https:\/\/www.hotelastoriacremona.com\/fr\/#breadcrumb","itemListElement":[{"@type":"ListItem","position":1,"name":"Home","item":"https:\/\/www.hotelastoriacremona.com\/fr\/"},{"@type":"ListItem","position":2,"name":"H\u00f4tel Astoria"}]},{"@type":"WebSite","@id":"https:\/\/www.hotelastoriacremona.com\/fr\/#website","url":"https:\/\/www.hotelastoriacremona.com\/fr\/","name":"Astoria City Hotel","description":"Just another ms.decms.eu site","potentialAction":[{"@type":"SearchAction","target":{"@type":"EntryPoint","urlTemplate":"https:\/\/www.hotelastoriacremona.com\/fr\/?s={search_term_string}"},"query-input":{"@type":"PropertyValueSpecification","valueRequired":true,"valueName":"search_term_string"}}],"inLanguage":"fr-FR"}]}},"acf":[],"_links":{"self":[{"href":"https:\/\/www.hotelastoriacremona.com\/fr\/wp-json\/wp\/v2\/pages\/5","targetHints":{"allow":["GET"]}}],"collection":[{"href":"https:\/\/www.hotelastoriacremona.com\/fr\/wp-json\/wp\/v2\/pages"}],"about":[{"href":"https:\/\/www.hotelastoriacremona.com\/fr\/wp-json\/wp\/v2\/types\/page"}],"author":[{"embeddable":true,"href":"https:\/\/www.hotelastoriacremona.com\/fr\/wp-json\/wp\/v2\/users\/17"}],"replies":[{"embeddable":true,"href":"https:\/\/www.hotelastoriacremona.com\/fr\/wp-json\/wp\/v2\/comments?post=5"}],"version-history":[{"count":0,"href":"https:\/\/www.hotelastoriacremona.com\/fr\/wp-json\/wp\/v2\/pages\/5\/revisions"}],"wp:attachment":[{"href":"https:\/\/www.hotelastoriacremona.com\/fr\/wp-json\/wp\/v2\/media?parent=5"}],"curies":[{"name":"wp","href":"https:\/\/api.w.org\/{rel}","templated":true}]}}